{"id":1724,"date":"2023-05-04T16:43:41","date_gmt":"2023-05-04T14:43:41","guid":{"rendered":"http:\/\/mspvps.edu.ba\/?page_id=1724"},"modified":"2023-05-04T16:59:07","modified_gmt":"2023-05-04T14:59:07","slug":"prijava-nasilja","status":"publish","type":"page","link":"https:\/\/mspvps.edu.ba\/index.php\/prijava-nasilja\/","title":{"rendered":"Prijavi nasilje"},"content":{"rendered":"\n<p class=\"has-text-align-center\">Svaki oblik nasilja nad u\u010denicima mo\u017eete prijaviti anonimno na e-mail:\u00a0<a href=\"mailto:prijavi.online@mspvps.edu.ba\"><strong>prijavi.online@mspvps.edu.ba<\/strong><\/a><\/p>\n\n\n\n<!--more-->\n\n\n\n<div class=\"wp-block-group is-layout-constrained wp-block-group-is-layout-constrained\">\n<p class=\"has-text-align-center\">Zaprimljene prijave bit \u0107e dostupne isklju\u010divo stru\u010dnoj slu\u017ebi \u0161kole (pedagog, psiholog).<\/p>\n<\/div>\n\n\n\n<figure class=\"wp-block-image aligncenter size-full\"><img fetchpriority=\"high\" decoding=\"async\" width=\"310\" height=\"285\" src=\"http:\/\/mspvps.edu.ba\/wp-content\/uploads\/2023\/05\/stop-nasilju.jpg\" alt=\"\" class=\"wp-image-1726\" srcset=\"https:\/\/mspvps.edu.ba\/wp-content\/uploads\/2023\/05\/stop-nasilju.jpg 310w, https:\/\/mspvps.edu.ba\/wp-content\/uploads\/2023\/05\/stop-nasilju-300x276.jpg 300w\" sizes=\"(max-width: 310px) 100vw, 310px\" \/><\/figure>\n","protected":false},"excerpt":{"rendered":"<p>Svaki oblik nasilja nad u\u010denicima mo\u017eete prijaviti anonimno na e-mail:\u00a0prijavi.online@mspvps.edu.ba<\/p>\n","protected":false},"author":1,"featured_media":0,"parent":0,"menu_order":0,"comment_status":"closed","ping_status":"closed","template":"","meta":{"footnotes":""},"class_list":["post-1724","page","type-page","status-publish","hentry"],"_links":{"self":[{"href":"https:\/\/mspvps.edu.ba\/index.php\/wp-json\/wp\/v2\/pages\/1724","targetHints":{"allow":["GET"]}}],"collection":[{"href":"https:\/\/mspvps.edu.ba\/index.php\/wp-json\/wp\/v2\/pages"}],"about":[{"href":"https:\/\/mspvps.edu.ba\/index.php\/wp-json\/wp\/v2\/types\/page"}],"author":[{"embeddable":true,"href":"https:\/\/mspvps.edu.ba\/index.php\/wp-json\/wp\/v2\/users\/1"}],"replies":[{"embeddable":true,"href":"https:\/\/mspvps.edu.ba\/index.php\/wp-json\/wp\/v2\/comments?post=1724"}],"version-history":[{"count":6,"href":"https:\/\/mspvps.edu.ba\/index.php\/wp-json\/wp\/v2\/pages\/1724\/revisions"}],"predecessor-version":[{"id":1735,"href":"https:\/\/mspvps.edu.ba\/index.php\/wp-json\/wp\/v2\/pages\/1724\/revisions\/1735"}],"wp:attachment":[{"href":"https:\/\/mspvps.edu.ba\/index.php\/wp-json\/wp\/v2\/media?parent=1724"}],"curies":[{"name":"wp","href":"https:\/\/api.w.org\/{rel}","templated":true}]}}