{"id":876,"date":"2022-09-12T10:39:47","date_gmt":"2022-09-12T10:39:47","guid":{"rendered":"http:\/\/mspvps.edu.ba\/?page_id=876"},"modified":"2023-03-31T14:03:25","modified_gmt":"2023-03-31T12:03:25","slug":"preradivac-mlijeka","status":"publish","type":"page","link":"http:\/\/mspvps.edu.ba\/index.php\/preradivac-mlijeka\/","title":{"rendered":"Prera\u0111iva\u010d mlijeka"},"content":{"rendered":"\n<p>U\u010denici \u0107e nau\u010diti sve o mlijeku i tehnolo\u0161kom procesu proizvodnje prera\u0111evina od mlijeka. Prakti\u010dna nastava se obavlja u \u0161kolskoj radionici gdje imaju priliku da rade na najsavremenijoj opremi &nbsp;i mljekarskoj industriji. Mljekar se mo\u017ee zaposliti u mljekarskoj industriji ili pokrenuti vlastitu proizvodnju mlje\u010dnih prera\u0111evina.<\/p>\n\n\n\n<figure class=\"wp-block-image aligncenter size-full\"><img fetchpriority=\"high\" decoding=\"async\" width=\"1000\" height=\"1000\" src=\"http:\/\/mspvps.edu.ba\/wp-content\/uploads\/2023\/03\/Preradivac-mlijeka-31.03.2023-2.jpg\" alt=\"\" class=\"wp-image-1630\" srcset=\"http:\/\/mspvps.edu.ba\/wp-content\/uploads\/2023\/03\/Preradivac-mlijeka-31.03.2023-2.jpg 1000w, http:\/\/mspvps.edu.ba\/wp-content\/uploads\/2023\/03\/Preradivac-mlijeka-31.03.2023-2-300x300.jpg 300w, http:\/\/mspvps.edu.ba\/wp-content\/uploads\/2023\/03\/Preradivac-mlijeka-31.03.2023-2-150x150.jpg 150w, http:\/\/mspvps.edu.ba\/wp-content\/uploads\/2023\/03\/Preradivac-mlijeka-31.03.2023-2-768x768.jpg 768w, http:\/\/mspvps.edu.ba\/wp-content\/uploads\/2023\/03\/Preradivac-mlijeka-31.03.2023-2-256x256.jpg 256w\" sizes=\"(max-width: 1000px) 100vw, 1000px\" \/><\/figure>\n","protected":false},"excerpt":{"rendered":"<p>U\u010denici \u0107e nau\u010diti sve o mlijeku i tehnolo\u0161kom procesu proizvodnje prera\u0111evina od mlijeka. Prakti\u010dna nastava se obavlja u \u0161kolskoj radionici gdje imaju priliku da rade na najsavremenijoj opremi &nbsp;i mljekarskoj industriji. Mljekar se mo\u017ee zaposliti u mljekarskoj industriji ili pokrenuti vlastitu proizvodnju mlje\u010dnih prera\u0111evina.<\/p>\n","protected":false},"author":1,"featured_media":0,"parent":0,"menu_order":0,"comment_status":"closed","ping_status":"closed","template":"","meta":{"footnotes":""},"class_list":["post-876","page","type-page","status-publish","hentry"],"_links":{"self":[{"href":"http:\/\/mspvps.edu.ba\/index.php\/wp-json\/wp\/v2\/pages\/876","targetHints":{"allow":["GET"]}}],"collection":[{"href":"http:\/\/mspvps.edu.ba\/index.php\/wp-json\/wp\/v2\/pages"}],"about":[{"href":"http:\/\/mspvps.edu.ba\/index.php\/wp-json\/wp\/v2\/types\/page"}],"author":[{"embeddable":true,"href":"http:\/\/mspvps.edu.ba\/index.php\/wp-json\/wp\/v2\/users\/1"}],"replies":[{"embeddable":true,"href":"http:\/\/mspvps.edu.ba\/index.php\/wp-json\/wp\/v2\/comments?post=876"}],"version-history":[{"count":3,"href":"http:\/\/mspvps.edu.ba\/index.php\/wp-json\/wp\/v2\/pages\/876\/revisions"}],"predecessor-version":[{"id":1631,"href":"http:\/\/mspvps.edu.ba\/index.php\/wp-json\/wp\/v2\/pages\/876\/revisions\/1631"}],"wp:attachment":[{"href":"http:\/\/mspvps.edu.ba\/index.php\/wp-json\/wp\/v2\/media?parent=876"}],"curies":[{"name":"wp","href":"https:\/\/api.w.org\/{rel}","templated":true}]}}