{"id":874,"date":"2022-09-12T10:39:29","date_gmt":"2022-09-12T10:39:29","guid":{"rendered":"http:\/\/mspvps.edu.ba\/?page_id=874"},"modified":"2023-03-27T09:30:27","modified_gmt":"2023-03-27T07:30:27","slug":"poljoprivredni-tehnicar","status":"publish","type":"page","link":"http:\/\/mspvps.edu.ba\/index.php\/poljoprivredni-tehnicar\/","title":{"rendered":"Poljoprivredni tehni\u010dar"},"content":{"rendered":"\n<p>U\u010denici \u0107e nau\u010diti sve o proizvodnji&nbsp;hrane biljnog i animalnog porijekla.<br>Prakti\u010dan dio nastave u\u010denici obavljaju na \u0161kolskom poljoprivrednom dobru. Nakon zavr\u0161etka \u0161kolovanja, poljoprivredni tehni\u010dar se mo\u017ee zaposliti na&nbsp;poljoprivrednom dobru, farmi, pokrenuti vlastitu proizvodnju hrane ili nastaviti \u0161kolovanje na fakultetu.<\/p>\n","protected":false},"excerpt":{"rendered":"<p>U\u010denici \u0107e nau\u010diti sve o proizvodnji&nbsp;hrane biljnog i animalnog porijekla.Prakti\u010dan dio nastave u\u010denici obavljaju na \u0161kolskom poljoprivrednom dobru. Nakon zavr\u0161etka \u0161kolovanja, poljoprivredni tehni\u010dar se mo\u017ee zaposliti na&nbsp;poljoprivrednom dobru, farmi, pokrenuti vlastitu proizvodnju hrane ili nastaviti \u0161kolovanje na fakultetu.<\/p>\n","protected":false},"author":1,"featured_media":0,"parent":0,"menu_order":0,"comment_status":"closed","ping_status":"closed","template":"","meta":{"footnotes":""},"class_list":["post-874","page","type-page","status-publish","hentry"],"_links":{"self":[{"href":"http:\/\/mspvps.edu.ba\/index.php\/wp-json\/wp\/v2\/pages\/874","targetHints":{"allow":["GET"]}}],"collection":[{"href":"http:\/\/mspvps.edu.ba\/index.php\/wp-json\/wp\/v2\/pages"}],"about":[{"href":"http:\/\/mspvps.edu.ba\/index.php\/wp-json\/wp\/v2\/types\/page"}],"author":[{"embeddable":true,"href":"http:\/\/mspvps.edu.ba\/index.php\/wp-json\/wp\/v2\/users\/1"}],"replies":[{"embeddable":true,"href":"http:\/\/mspvps.edu.ba\/index.php\/wp-json\/wp\/v2\/comments?post=874"}],"version-history":[{"count":2,"href":"http:\/\/mspvps.edu.ba\/index.php\/wp-json\/wp\/v2\/pages\/874\/revisions"}],"predecessor-version":[{"id":1613,"href":"http:\/\/mspvps.edu.ba\/index.php\/wp-json\/wp\/v2\/pages\/874\/revisions\/1613"}],"wp:attachment":[{"href":"http:\/\/mspvps.edu.ba\/index.php\/wp-json\/wp\/v2\/media?parent=874"}],"curies":[{"name":"wp","href":"https:\/\/api.w.org\/{rel}","templated":true}]}}