{"id":872,"date":"2022-09-12T10:39:00","date_gmt":"2022-09-12T10:39:00","guid":{"rendered":"http:\/\/mspvps.edu.ba\/?page_id=872"},"modified":"2023-03-31T14:08:35","modified_gmt":"2023-03-31T12:08:35","slug":"pekar","status":"publish","type":"page","link":"http:\/\/mspvps.edu.ba\/index.php\/pekar\/","title":{"rendered":"Pekar"},"content":{"rendered":"\n<p>U\u010denici \u0107e nau\u010diti vje\u0161tine prerade bra\u0161na, kako napraviti hljeb, ukusna peciva, pice, slatke konditorske proizvode, pite i tjesteninu koji u potpunosti isunjavaju zdravstveno-higijenske zahtjeve. Prakti\u010dna nastava se obavlja u moderno opremljenoj \u0161kolskoj radionici i pekarskoj industriji. Pekar se mo\u017ee zaposliti u pekari, pekarskoj industriji, mlinu ili pokrenuti vlastiti obrt.<\/p>\n\n\n\n<figure class=\"wp-block-image aligncenter size-full is-resized\"><img fetchpriority=\"high\" decoding=\"async\" src=\"http:\/\/mspvps.edu.ba\/wp-content\/uploads\/2023\/03\/Pekar-1-31.03.2023-2.jpg\" alt=\"\" class=\"wp-image-1632\" width=\"840\" height=\"840\" srcset=\"http:\/\/mspvps.edu.ba\/wp-content\/uploads\/2023\/03\/Pekar-1-31.03.2023-2.jpg 1000w, http:\/\/mspvps.edu.ba\/wp-content\/uploads\/2023\/03\/Pekar-1-31.03.2023-2-300x300.jpg 300w, http:\/\/mspvps.edu.ba\/wp-content\/uploads\/2023\/03\/Pekar-1-31.03.2023-2-150x150.jpg 150w, http:\/\/mspvps.edu.ba\/wp-content\/uploads\/2023\/03\/Pekar-1-31.03.2023-2-768x768.jpg 768w, http:\/\/mspvps.edu.ba\/wp-content\/uploads\/2023\/03\/Pekar-1-31.03.2023-2-256x256.jpg 256w\" sizes=\"(max-width: 840px) 100vw, 840px\" \/><\/figure>\n","protected":false},"excerpt":{"rendered":"<p>U\u010denici \u0107e nau\u010diti vje\u0161tine prerade bra\u0161na, kako napraviti hljeb, ukusna peciva, pice, slatke konditorske proizvode, pite i tjesteninu koji u potpunosti isunjavaju zdravstveno-higijenske zahtjeve. Prakti\u010dna nastava se obavlja u moderno opremljenoj \u0161kolskoj radionici i pekarskoj industriji. Pekar se mo\u017ee zaposliti u pekari, pekarskoj industriji, mlinu ili pokrenuti vlastiti obrt.<\/p>\n","protected":false},"author":1,"featured_media":0,"parent":0,"menu_order":0,"comment_status":"closed","ping_status":"closed","template":"","meta":{"footnotes":""},"class_list":["post-872","page","type-page","status-publish","hentry"],"_links":{"self":[{"href":"http:\/\/mspvps.edu.ba\/index.php\/wp-json\/wp\/v2\/pages\/872","targetHints":{"allow":["GET"]}}],"collection":[{"href":"http:\/\/mspvps.edu.ba\/index.php\/wp-json\/wp\/v2\/pages"}],"about":[{"href":"http:\/\/mspvps.edu.ba\/index.php\/wp-json\/wp\/v2\/types\/page"}],"author":[{"embeddable":true,"href":"http:\/\/mspvps.edu.ba\/index.php\/wp-json\/wp\/v2\/users\/1"}],"replies":[{"embeddable":true,"href":"http:\/\/mspvps.edu.ba\/index.php\/wp-json\/wp\/v2\/comments?post=872"}],"version-history":[{"count":5,"href":"http:\/\/mspvps.edu.ba\/index.php\/wp-json\/wp\/v2\/pages\/872\/revisions"}],"predecessor-version":[{"id":1633,"href":"http:\/\/mspvps.edu.ba\/index.php\/wp-json\/wp\/v2\/pages\/872\/revisions\/1633"}],"wp:attachment":[{"href":"http:\/\/mspvps.edu.ba\/index.php\/wp-json\/wp\/v2\/media?parent=872"}],"curies":[{"name":"wp","href":"https:\/\/api.w.org\/{rel}","templated":true}]}}