{"id":866,"date":"2022-09-12T10:37:14","date_gmt":"2022-09-12T10:37:14","guid":{"rendered":"http:\/\/mspvps.edu.ba\/?page_id=866"},"modified":"2023-03-31T10:21:07","modified_gmt":"2023-03-31T08:21:07","slug":"kozmeticki-tehnicar","status":"publish","type":"page","link":"http:\/\/mspvps.edu.ba\/index.php\/kozmeticki-tehnicar\/","title":{"rendered":"Kozmeti\u010dki tehni\u010dar"},"content":{"rendered":"\n<p>U\u010denici \u0107e nau\u010diti sve o njezi lica i tijela. Prakti\u010dna nastava se obavlja u \u0161kolskom salonu. Nakon zavr\u0161etka \u0161kolovanja mo\u017ee se zaposliti u nekom od salona, otvoriti vlastiti salon ili nastaviti \u0161kolovanje.<\/p>\n\n\n\n<figure class=\"wp-block-image aligncenter size-full\"><img fetchpriority=\"high\" decoding=\"async\" width=\"1000\" height=\"1000\" src=\"http:\/\/mspvps.edu.ba\/wp-content\/uploads\/2023\/03\/Kozmeticki-tehnicar-31.03.2023.jpg\" alt=\"\" class=\"wp-image-1622\" srcset=\"http:\/\/mspvps.edu.ba\/wp-content\/uploads\/2023\/03\/Kozmeticki-tehnicar-31.03.2023.jpg 1000w, http:\/\/mspvps.edu.ba\/wp-content\/uploads\/2023\/03\/Kozmeticki-tehnicar-31.03.2023-300x300.jpg 300w, http:\/\/mspvps.edu.ba\/wp-content\/uploads\/2023\/03\/Kozmeticki-tehnicar-31.03.2023-150x150.jpg 150w, http:\/\/mspvps.edu.ba\/wp-content\/uploads\/2023\/03\/Kozmeticki-tehnicar-31.03.2023-768x768.jpg 768w, http:\/\/mspvps.edu.ba\/wp-content\/uploads\/2023\/03\/Kozmeticki-tehnicar-31.03.2023-256x256.jpg 256w\" sizes=\"(max-width: 1000px) 100vw, 1000px\" \/><\/figure>\n","protected":false},"excerpt":{"rendered":"<p>U\u010denici \u0107e nau\u010diti sve o njezi lica i tijela. Prakti\u010dna nastava se obavlja u \u0161kolskom salonu. Nakon zavr\u0161etka \u0161kolovanja mo\u017ee se zaposliti u nekom od salona, otvoriti vlastiti salon ili nastaviti \u0161kolovanje.<\/p>\n","protected":false},"author":1,"featured_media":0,"parent":0,"menu_order":0,"comment_status":"closed","ping_status":"closed","template":"","meta":{"footnotes":""},"class_list":["post-866","page","type-page","status-publish","hentry"],"_links":{"self":[{"href":"http:\/\/mspvps.edu.ba\/index.php\/wp-json\/wp\/v2\/pages\/866","targetHints":{"allow":["GET"]}}],"collection":[{"href":"http:\/\/mspvps.edu.ba\/index.php\/wp-json\/wp\/v2\/pages"}],"about":[{"href":"http:\/\/mspvps.edu.ba\/index.php\/wp-json\/wp\/v2\/types\/page"}],"author":[{"embeddable":true,"href":"http:\/\/mspvps.edu.ba\/index.php\/wp-json\/wp\/v2\/users\/1"}],"replies":[{"embeddable":true,"href":"http:\/\/mspvps.edu.ba\/index.php\/wp-json\/wp\/v2\/comments?post=866"}],"version-history":[{"count":3,"href":"http:\/\/mspvps.edu.ba\/index.php\/wp-json\/wp\/v2\/pages\/866\/revisions"}],"predecessor-version":[{"id":1623,"href":"http:\/\/mspvps.edu.ba\/index.php\/wp-json\/wp\/v2\/pages\/866\/revisions\/1623"}],"wp:attachment":[{"href":"http:\/\/mspvps.edu.ba\/index.php\/wp-json\/wp\/v2\/media?parent=866"}],"curies":[{"name":"wp","href":"https:\/\/api.w.org\/{rel}","templated":true}]}}