{"id":862,"date":"2022-09-12T10:36:43","date_gmt":"2022-09-12T10:36:43","guid":{"rendered":"http:\/\/mspvps.edu.ba\/?page_id=862"},"modified":"2023-05-16T20:08:09","modified_gmt":"2023-05-16T18:08:09","slug":"fitofarmaceut-agrotehnicar","status":"publish","type":"page","link":"http:\/\/mspvps.edu.ba\/index.php\/fitofarmaceut-agrotehnicar\/","title":{"rendered":"Fitofarmaceut agrotehni\u010dar"},"content":{"rendered":"\n<p>U toku \u010detvorogodi\u0161njeg obrazovanja u\u010denici \u0107e izu\u010davati ukupno 124 modula u okviru 13 predmeta op\u0107eobrazovne nastave, 11 predmeta stru\u010dno- teoretske nastave, kao i kroz \u010dasove prakti\u010dne nastave. Nakon polo\u017eenog maturskog ispita u\u010denik sti\u010de diplomu&nbsp;<em>Fitofarmaceut<\/em>&nbsp;agrotehni\u010dar.<\/p>\n\n\n\n<p>Ovim zanimanjem sti\u010du se osnovna znanja o uzro\u010dnicima biljnih bolesti , biljnih \u0161teto\u010dina i korova. U\u010di se o mjerama za\u0161tite bilja, za\u0161titnim sredstvima&nbsp; i njihovoj upotrebi , te njihovo djelovanje na \u010dovjeka i okolinu.<\/p>\n\n\n\n<p>Tokom teoretske i prakti\u010dne nastave sti\u010du se temeljna znanja o uzgoju poljoprivrednih kultura ( rataskog bilja, povr\u0107a, vo\u0107a , vinove loze, cvije\u0107a ) ,&nbsp; i animalnoj proizvodnji.<\/p>\n\n\n\n<figure class=\"wp-block-embed is-type-video is-provider-youtube wp-block-embed-youtube wp-embed-aspect-16-9 wp-has-aspect-ratio\"><div class=\"wp-block-embed__wrapper\">\n<iframe title=\"KRATKA PREZENTACIJA FITOFARMACEUT AGROTEHNI\u010cAR- NOVI SMJER U NA\u0160OJ \u0160KOLI\" width=\"800\" height=\"450\" src=\"https:\/\/www.youtube.com\/embed\/kis0PJ4qP7s?feature=oembed\" frameborder=\"0\" allow=\"accelerometer; autoplay; clipboard-write; encrypted-media; gyroscope; picture-in-picture; web-share\" allowfullscreen><\/iframe>\n<\/div><\/figure>\n","protected":false},"excerpt":{"rendered":"<p>U toku \u010detvorogodi\u0161njeg obrazovanja u\u010denici \u0107e izu\u010davati ukupno 124 modula u okviru 13 predmeta op\u0107eobrazovne nastave, 11 predmeta stru\u010dno- teoretske nastave, kao i kroz \u010dasove prakti\u010dne nastave. Nakon polo\u017eenog maturskog ispita u\u010denik sti\u010de diplomu&nbsp;Fitofarmaceut&nbsp;agrotehni\u010dar. Ovim zanimanjem sti\u010du se osnovna znanja o uzro\u010dnicima biljnih bolesti , biljnih \u0161teto\u010dina i korova. U\u010di se o mjerama za\u0161tite bilja, [&hellip;]<\/p>\n","protected":false},"author":1,"featured_media":0,"parent":0,"menu_order":0,"comment_status":"closed","ping_status":"closed","template":"","meta":{"footnotes":""},"class_list":["post-862","page","type-page","status-publish","hentry"],"_links":{"self":[{"href":"http:\/\/mspvps.edu.ba\/index.php\/wp-json\/wp\/v2\/pages\/862","targetHints":{"allow":["GET"]}}],"collection":[{"href":"http:\/\/mspvps.edu.ba\/index.php\/wp-json\/wp\/v2\/pages"}],"about":[{"href":"http:\/\/mspvps.edu.ba\/index.php\/wp-json\/wp\/v2\/types\/page"}],"author":[{"embeddable":true,"href":"http:\/\/mspvps.edu.ba\/index.php\/wp-json\/wp\/v2\/users\/1"}],"replies":[{"embeddable":true,"href":"http:\/\/mspvps.edu.ba\/index.php\/wp-json\/wp\/v2\/comments?post=862"}],"version-history":[{"count":8,"href":"http:\/\/mspvps.edu.ba\/index.php\/wp-json\/wp\/v2\/pages\/862\/revisions"}],"predecessor-version":[{"id":1765,"href":"http:\/\/mspvps.edu.ba\/index.php\/wp-json\/wp\/v2\/pages\/862\/revisions\/1765"}],"wp:attachment":[{"href":"http:\/\/mspvps.edu.ba\/index.php\/wp-json\/wp\/v2\/media?parent=862"}],"curies":[{"name":"wp","href":"https:\/\/api.w.org\/{rel}","templated":true}]}}