{"id":858,"date":"2022-09-12T10:36:11","date_gmt":"2022-09-12T10:36:11","guid":{"rendered":"http:\/\/mspvps.edu.ba\/?page_id=858"},"modified":"2023-04-04T09:33:10","modified_gmt":"2023-04-04T07:33:10","slug":"cvjecar-vrtlar","status":"publish","type":"page","link":"http:\/\/mspvps.edu.ba\/index.php\/cvjecar-vrtlar\/","title":{"rendered":"Cvje\u0107ar vrtlar"},"content":{"rendered":"\n<p>U\u010denici \u0107e nau\u010diti sve o proizvodnji, za\u0161titi i njezi cvije\u0107a.. Prakti\u010dna nastava se obavlja na \u0161kolsom poljoprivrednom dobru, Javnom komunalnom preduze\u0107u Park u Ned\u017eari\u0107ima i Sokolovi\u0107 koloniji (rasadnicima hortikulturnih biljaka). Nakon zavr\u0161etka obrazovanja mo\u017ee se zaposliti u nekoj od cvje\u0107ara, rasadnika ili pokrenuti vlastitu proizvodnju i prodaju cvije\u0107a i rasada.<\/p>\n\n\n\n<figure class=\"wp-block-image aligncenter size-large\"><img fetchpriority=\"high\" decoding=\"async\" width=\"819\" height=\"1024\" src=\"http:\/\/mspvps.edu.ba\/wp-content\/uploads\/2023\/03\/page_960x1200-819x1024.jpg\" alt=\"\" class=\"wp-image-1587\" srcset=\"http:\/\/mspvps.edu.ba\/wp-content\/uploads\/2023\/03\/page_960x1200-819x1024.jpg 819w, http:\/\/mspvps.edu.ba\/wp-content\/uploads\/2023\/03\/page_960x1200-240x300.jpg 240w, http:\/\/mspvps.edu.ba\/wp-content\/uploads\/2023\/03\/page_960x1200-768x960.jpg 768w, http:\/\/mspvps.edu.ba\/wp-content\/uploads\/2023\/03\/page_960x1200.jpg 960w\" sizes=\"(max-width: 819px) 100vw, 819px\" \/><\/figure>\n","protected":false},"excerpt":{"rendered":"<p>U\u010denici \u0107e nau\u010diti sve o proizvodnji, za\u0161titi i njezi cvije\u0107a.. Prakti\u010dna nastava se obavlja na \u0161kolsom poljoprivrednom dobru, Javnom komunalnom preduze\u0107u Park u Ned\u017eari\u0107ima i Sokolovi\u0107 koloniji (rasadnicima hortikulturnih biljaka). Nakon zavr\u0161etka obrazovanja mo\u017ee se zaposliti u nekoj od cvje\u0107ara, rasadnika ili pokrenuti vlastitu proizvodnju i prodaju cvije\u0107a i rasada.<\/p>\n","protected":false},"author":1,"featured_media":0,"parent":0,"menu_order":0,"comment_status":"closed","ping_status":"closed","template":"","meta":{"footnotes":""},"class_list":["post-858","page","type-page","status-publish","hentry"],"_links":{"self":[{"href":"http:\/\/mspvps.edu.ba\/index.php\/wp-json\/wp\/v2\/pages\/858","targetHints":{"allow":["GET"]}}],"collection":[{"href":"http:\/\/mspvps.edu.ba\/index.php\/wp-json\/wp\/v2\/pages"}],"about":[{"href":"http:\/\/mspvps.edu.ba\/index.php\/wp-json\/wp\/v2\/types\/page"}],"author":[{"embeddable":true,"href":"http:\/\/mspvps.edu.ba\/index.php\/wp-json\/wp\/v2\/users\/1"}],"replies":[{"embeddable":true,"href":"http:\/\/mspvps.edu.ba\/index.php\/wp-json\/wp\/v2\/comments?post=858"}],"version-history":[{"count":3,"href":"http:\/\/mspvps.edu.ba\/index.php\/wp-json\/wp\/v2\/pages\/858\/revisions"}],"predecessor-version":[{"id":1662,"href":"http:\/\/mspvps.edu.ba\/index.php\/wp-json\/wp\/v2\/pages\/858\/revisions\/1662"}],"wp:attachment":[{"href":"http:\/\/mspvps.edu.ba\/index.php\/wp-json\/wp\/v2\/media?parent=858"}],"curies":[{"name":"wp","href":"https:\/\/api.w.org\/{rel}","templated":true}]}}