{"id":773,"date":"2022-08-07T13:19:02","date_gmt":"2022-08-07T13:19:02","guid":{"rendered":"http:\/\/mspvps.edu.ba\/?page_id=773"},"modified":"2025-12-11T20:54:27","modified_gmt":"2025-12-11T19:54:27","slug":"kodeks-ponasanja-ucenika","status":"publish","type":"page","link":"http:\/\/mspvps.edu.ba\/index.php\/kodeks-ponasanja-ucenika\/","title":{"rendered":"Kodeks pona\u0161anja u\u010denika"},"content":{"rendered":"\n<p>Kodeks zna\u010di pravilo. Pravila slu\u017ee da pomognu ljudima da \u017eive jednostavnije.<\/p>\n\n\n\n<!--more-->\n\n\n\n<p><br>U svemu \u0161to ljudi rade postoje pravila:&nbsp;u saobra\u0107aju,&nbsp;u pisanju,&nbsp;u matematici,&nbsp;u ishrani, obla\u010denju, pona\u0161anju&#8230;&nbsp;Ako ih po\u0161tujemo \u017eivot i u \u0161koli bi\u0107e nam lak\u0161i i prijatniji.<br>ONI KOJI ZNAJU NEK SE PODSJETE, ONI KOJI NE ZNAJU &#8211; NEKA NAU\u010cE.<\/p>\n\n\n\n<p>Kodeks pona\u0161anja u\u010denika&nbsp;u na\u0161oj \u0161koli<br>&#8230; je predstvaljen skupom pojedina\u010dnih odredbi\/\u010dlanova. Mi smo \u010dlanove malo pregrupisali, dali grupama \u201ena\u0161e\u201c nazive i navodimo ih pod ta\u010dkama<\/p>\n\n\n\n<p>1.&nbsp;\u010cINJENICE I SUGESTIJE<\/p>\n\n\n\n<ul class=\"wp-block-list\">\n<li>Ako se upi\u0161ete u srednju \u0161kolu, red je da je i zavr\u0161ite. Zbog toga trebate redovno dolaziti u \u0161kolu. Ako redovno dolazite, najve\u0107a korist je VA\u0160A.<\/li>\n\n\n\n<li>\u010cuvajte svoju \u0111a\u010dku knji\u017eicu i svjedod\u017ebe. One su svjedok jednog va\u017enog dijela va\u0161eg \u017eivota. Potrebne su vam da biste nastavili dalje.<\/li>\n\n\n\n<li>\u0160kolska imovina koristi svima. Ne iskazujte svoje nezadovoljstvo na njoj. Nemojte biti ja\u010di od onoga \u0161to ne mo\u017ee da se brani. Ako napravite \u0161tetu va\u0161i roditelji \u0107e morati da je plate. Od takve \u0161tete nemate koristi.<\/li>\n\n\n\n<li>Budite pa\u017eljivi prema slabijim od sebe. Postoje situacije i aktivnosti u kojima ste vi slabija strana.<\/li>\n\n\n\n<li>Sigurno vam nije prijatno kada vam neko pretura po torbi, ne \u010dinite ni vi to drugima.<\/li>\n\n\n\n<li>Ako odlu\u010dite da u \u0161kolu donesete skupocjene predmete, neka to bude na va\u0161u odgovornost. Ako se o\u0161tete ili izgube ne krivite druge.<\/li>\n\n\n\n<li>Dono\u0161enje u \u0161kolu predmeta koji druge mogu da povrijede mo\u017ee da vas stavi TRAJNO U CENTAR PA\u017dNJE KAKVU NISTE HTJELI. Mislite na vrijeme i ostavite takve predmete kod ku\u0107e.<\/li>\n\n\n\n<li>Boravak u urednom i \u010distom okru\u017eenju svakome vi\u0161e prija. U\u010dionica i dvori\u0161te bi\u0107e onakvim kakvim ih vi stvorite. Zato ne bacajte sme\u0107e oko sebe, NE OSTAVLJAJTE TAKVE TRAGOVE ZA SOBOM! <\/li>\n\n\n\n<li>Pretpostavlja se da je namjena WC prostorija svima poznata. Nemojte \u0161iriti broj poslova koji se tamo mogu obaviti, a nije ni naro\u010dito ugodno da se u njemu du\u017ee zadr\u017eavate. Ono \u0161to se tu de\u0161ava ne predvi\u0111a publiku. BUDITE U WC-U SAMI. PRISTOJNIJE JE.<\/li>\n\n\n\n<li>Ljubav je dio na\u0161e privatnosti i intime. Njeno izra\u017eavanje prisnim tjelesnim kontaktima u javnosti je nepristojno i neprimjereno u \u0160kolskoj sredini.<\/li>\n<\/ul>\n\n\n\n<p><strong>2. DOZVOLJENO&#8230;RE\u0106I, URADITI&#8230;<\/strong><\/p>\n\n\n\n<ul class=\"wp-block-list\">\n<li>Kao i u svemu ostalom i za vrijeme \u010dasa najva\u017enije je da po\u0161tujete SEBE. Zahtijevajte da svi \u0107ute i slu\u0161aju kada vi govorite. To je minimum uva\u017eavanja koje dugujete sebi i drugima.<\/li>\n\n\n\n<li>Dozvoljeno je da u velikim koli\u010dinama upotrebljavate rijeci: MOLIM, HVALA, IZVOLI, IZVINI. U KOMBINACIJI S LJUBAZNIM OSMJEHOM PRED VAMA SU NEOGRANI\u010cENE MOGU\u0106NOSTI. Probajte! Uspjeh je zagarantovan.<\/li>\n\n\n\n<li>I kada ste zami\u0161ljeni ili zabrinuti, ne zaboravite da odraslima i svojim drugovima uputite pozdrav: \u201eDOBAR DAN\u201c, \u201eDOVI\u00d0ENJA\u201c. Njih \u0107e obradovati, a vama ne\u0107e \u0161tetiti.<\/li>\n\n\n\n<li>Po\u0161tovanje odraslih, \u010dak i kada nisu sasvim po va\u0161em ukusu, mo\u017ee se iskazati na bezbroj na\u010dina: ustupanjem mjesta, jasno izgovorenim pozdravom, propu\u0161tanjem pri prola\u017eenju kroz vrata. Podrazumijeva se da se to nau\u010di u najranijem djetinjstvu, u porodici. \u0160kola je pravo mjesto da se nau\u010deno i poka\u017ee.<\/li>\n\n\n\n<li>Iska\u017eite svoje mi\u0161ljenje ili nezadovoljstvo jasno BIRANIM, ULJUDNIM rije\u010dima. Tako \u0107ete jednostavno rije\u0161iti svaki nesporazum i sa nastavnikom i sa drugovima.<\/li>\n\n\n\n<li>Prije nego \u0161to nekome stavite primjedbu, preispitajte sebe. I vi sigurno imate mane koje mo\u017eda ne primje\u0107ujete. Otklonite prvo SVOJE nedostatke pa ONDA kritikujte DRUGE.<\/li>\n\n\n\n<li>Ulazak u sku\u010dene prostorije bi\u0107e jednostavniji ako uljudno pokucate na vrata. U tom slu\u010daju dobit \u0107ete sigurno ljubazan odgovor.<\/li>\n\n\n\n<li>Nesporazume ne rje\u0161avajte nasiljem. Iznenadite svoje drugove i svaki nesporazum rije\u0161ite tako \u0161to \u0107ete PRVI pru\u017eiti ruku pomirenja. VOLITE TO \u0160TO SMO RAZLI\u010cITI. Bilo bi dosadno da smo svi isto pametni i isto lijepi. Budite originalni, ali ne na ra\u010dun druge osobe.<\/li>\n<\/ul>\n\n\n\n<p><strong>3. \u201eRADNA ODJE\u0106A\u201c ili KAKO SE ODJEVATI<\/strong><\/p>\n\n\n\n<p>Odje\u0107a koju nosite jasno govori o va\u0161oj li\u010dnosti. Ona odra\u017eava ukus i stil svake osobe. Va\u0161im na\u010dinom odijevanja \u0161aljete drugima poruku o sebi, ali ih mo\u017eete i uznemiravati. Odlazak u \u0161kolu je za vas posao, te se u skladu s tim trebate i odijevati. Odje\u0107a za \u0161kolu treba da je u skladu sa pravilima pristojnog \u0161kolskog odijevanja:<\/p>\n\n\n\n<ul class=\"wp-block-list\">\n<li>Kod u\u010denica\/u\u010denika ne mogu&nbsp;biti&nbsp;gola le\u0111a, ramena, poprsje i stomak.<\/li>\n\n\n\n<li>Odje\u0107a ne smije biti prozirna.<\/li>\n\n\n\n<li>Du\u017eina \u017eenske suknje ne smije biti kra\u0107a od 2 cm iznad koljena.<\/li>\n\n\n\n<li>U\u010denici treba da nose hla\u010de pristojne du\u017eine (nikako kratke hla\u010de, bermude i sl.)<\/li>\n\n\n\n<li>U\u010denice trebaju izbjegavati napadan nakit i upadljivu \u0161minku. Diskretan nakit (lan\u010di\u0107, mindu\u0161e, prsten) se smatra li\u010dnim stilom, ali \u0161kola ne snosi odgovornost za njihov eventualni nestanak.<\/li>\n\n\n\n<li>Tetova\u017ee i piercing nisu dozvoljeni.<\/li>\n<\/ul>\n","protected":false},"excerpt":{"rendered":"<p>Kodeks zna\u010di pravilo. Pravila slu\u017ee da pomognu ljudima da \u017eive jednostavnije.<\/p>\n","protected":false},"author":1,"featured_media":0,"parent":0,"menu_order":0,"comment_status":"closed","ping_status":"closed","template":"","meta":{"footnotes":""},"class_list":["post-773","page","type-page","status-publish","hentry"],"_links":{"self":[{"href":"http:\/\/mspvps.edu.ba\/index.php\/wp-json\/wp\/v2\/pages\/773","targetHints":{"allow":["GET"]}}],"collection":[{"href":"http:\/\/mspvps.edu.ba\/index.php\/wp-json\/wp\/v2\/pages"}],"about":[{"href":"http:\/\/mspvps.edu.ba\/index.php\/wp-json\/wp\/v2\/types\/page"}],"author":[{"embeddable":true,"href":"http:\/\/mspvps.edu.ba\/index.php\/wp-json\/wp\/v2\/users\/1"}],"replies":[{"embeddable":true,"href":"http:\/\/mspvps.edu.ba\/index.php\/wp-json\/wp\/v2\/comments?post=773"}],"version-history":[{"count":4,"href":"http:\/\/mspvps.edu.ba\/index.php\/wp-json\/wp\/v2\/pages\/773\/revisions"}],"predecessor-version":[{"id":3487,"href":"http:\/\/mspvps.edu.ba\/index.php\/wp-json\/wp\/v2\/pages\/773\/revisions\/3487"}],"wp:attachment":[{"href":"http:\/\/mspvps.edu.ba\/index.php\/wp-json\/wp\/v2\/media?parent=773"}],"curies":[{"name":"wp","href":"https:\/\/api.w.org\/{rel}","templated":true}]}}