{"id":771,"date":"2022-08-07T13:17:18","date_gmt":"2022-08-07T13:17:18","guid":{"rendered":"http:\/\/mspvps.edu.ba\/?page_id=771"},"modified":"2025-10-15T14:36:35","modified_gmt":"2025-10-15T12:36:35","slug":"okvirni-kalendar-pisanih-provjera-znanja","status":"publish","type":"page","link":"http:\/\/mspvps.edu.ba\/index.php\/okvirni-kalendar-pisanih-provjera-znanja\/","title":{"rendered":"Okvirni kalendar pisanih provjera znanja"},"content":{"rendered":"\n<p><\/p>\n\n\n\n<p><\/p>\n\n\n\n<div class=\"wp-block-group is-layout-constrained wp-block-group-is-layout-constrained\">\n<ul class=\"wp-block-list\">\n<li style=\"text-decoration:underline\"><strong><a href=\"https:\/\/drive.google.com\/drive\/folders\/1vi7O82T6_78oVskmA17IK6s0sMpRLolR?usp=sharing\" data-type=\"link\" data-id=\"https:\/\/drive.google.com\/drive\/folders\/1vi7O82T6_78oVskmA17IK6s0sMpRLolR?usp=sharing\" target=\"_blank\" rel=\"noreferrer noopener\">Okvirni kalendar pisanih provjera znanja (\u0161kolska godina 2025\/2026)<\/a><\/strong><\/li>\n<\/ul>\n\n\n\n<p><strong>Prilog<\/strong>:<\/p>\n\n\n\n<p><a href=\"https:\/\/mo.ks.gov.ba\/sites\/mo.ks.gov.ba\/files\/%C5%A0kolski%20kalendar%202025-2026.pdf\">\u0160kolski kalendar 2025-2026.pdf<\/a>&nbsp;(264.62 KB)<\/p>\n\n\n\n<p><a href=\"https:\/\/mo.ks.gov.ba\/sites\/mo.ks.gov.ba\/files\/Odluka%20.pdf\">Odluka .pdf<\/a>&nbsp;(55.05 KB)<\/p>\n\n\n\n<p><a href=\"https:\/\/mo.ks.gov.ba\/sites\/mo.ks.gov.ba\/files\/Prilog%20%C5%A1kolskom%20kalendaru%202025-2026.pdf\">Prilog \u0161kolskom kalendaru 2025-2026.pdf<\/a>&nbsp;(369.14 KB)<\/p>\n\n\n\n<p><a href=\"https:\/\/mo.ks.gov.ba\/sites\/mo.ks.gov.ba\/files\/Nastavni%20predmeti%20-%20oblasti%20takmi%C4%8Denja.pdf\">Nastavni predmeti &#8211; oblasti takmi\u010denja.pdf<\/a>&nbsp;(597.82 KB)<\/p>\n\n\n\n<p><a href=\"https:\/\/mo.ks.gov.ba\/sites\/mo.ks.gov.ba\/files\/RASPORED%20OBILJE%C5%BDAVANJA%20GODI%C5%A0NJICA%20MASOVNIH%20STRADANJA%20GRA%C4%90ANA%20SARAJEVA%201992.pdf\">RASPORED OBILJE\u017dAVANJA GODI\u0160NJICA MASOVNIH STRADANJA GRA\u0110ANA SARAJEVA 1992.pdf<\/a>&nbsp;(429.22 KB)<\/p>\n<\/div>\n\n\n\n<p><\/p>\n","protected":false},"excerpt":{"rendered":"<p>Prilog: \u0160kolski kalendar 2025-2026.pdf&nbsp;(264.62 KB) Odluka .pdf&nbsp;(55.05 KB) Prilog \u0161kolskom kalendaru 2025-2026.pdf&nbsp;(369.14 KB) Nastavni predmeti &#8211; oblasti takmi\u010denja.pdf&nbsp;(597.82 KB) RASPORED OBILJE\u017dAVANJA GODI\u0160NJICA MASOVNIH STRADANJA GRA\u0110ANA SARAJEVA 1992.pdf&nbsp;(429.22 KB)<\/p>\n","protected":false},"author":1,"featured_media":0,"parent":0,"menu_order":0,"comment_status":"closed","ping_status":"closed","template":"","meta":{"footnotes":""},"class_list":["post-771","page","type-page","status-publish","hentry"],"_links":{"self":[{"href":"http:\/\/mspvps.edu.ba\/index.php\/wp-json\/wp\/v2\/pages\/771","targetHints":{"allow":["GET"]}}],"collection":[{"href":"http:\/\/mspvps.edu.ba\/index.php\/wp-json\/wp\/v2\/pages"}],"about":[{"href":"http:\/\/mspvps.edu.ba\/index.php\/wp-json\/wp\/v2\/types\/page"}],"author":[{"embeddable":true,"href":"http:\/\/mspvps.edu.ba\/index.php\/wp-json\/wp\/v2\/users\/1"}],"replies":[{"embeddable":true,"href":"http:\/\/mspvps.edu.ba\/index.php\/wp-json\/wp\/v2\/comments?post=771"}],"version-history":[{"count":16,"href":"http:\/\/mspvps.edu.ba\/index.php\/wp-json\/wp\/v2\/pages\/771\/revisions"}],"predecessor-version":[{"id":3419,"href":"http:\/\/mspvps.edu.ba\/index.php\/wp-json\/wp\/v2\/pages\/771\/revisions\/3419"}],"wp:attachment":[{"href":"http:\/\/mspvps.edu.ba\/index.php\/wp-json\/wp\/v2\/media?parent=771"}],"curies":[{"name":"wp","href":"https:\/\/api.w.org\/{rel}","templated":true}]}}