{"id":767,"date":"2022-08-07T13:10:42","date_gmt":"2022-08-07T13:10:42","guid":{"rendered":"http:\/\/mspvps.edu.ba\/?page_id=767"},"modified":"2025-12-10T20:37:24","modified_gmt":"2025-12-10T19:37:24","slug":"biblioteka","status":"publish","type":"page","link":"http:\/\/mspvps.edu.ba\/index.php\/biblioteka\/","title":{"rendered":"\u0160kolska biblioteka"},"content":{"rendered":"\n<h5 class=\"wp-block-heading\">\u0160kolska biblioteka je dobro opremljena. \u010clanstvo u biblioteci je besplatno za sve na\u0161e u\u010denike i uposlenike.<br><\/h5>\n\n\n\n<h5 class=\"wp-block-heading\"><br>Radno vrijeme ponedjeljak, srijeda i petak : od 09 do 14 sati, utorak i \u010detvrtak: od 14 do 19 sati.<br><\/h5>\n\n\n\n<h5 class=\"wp-block-heading\">Nekoliko pravila (za podsje\u0107anje) koja vrijede u biblioteci:<br>* zbog izbjegavanja gu\u017eve, u biblioteku ulaze po dva posjetioca (\u010dlana)<br>* posu\u0111enu knjigu (knjige) treba na vrijeme vratiti, jer je i drugima\u00a0potrebna<br>* knjigu (knjige) treba \u010duvati od o\u0161te\u0107enja: po knjigama se ne smije \u0161arati, podvla\u010diti tekst, trgati listove&#8230;<br>*\u00a0u\u010dinjena \u0161teta\u00a0se mora nadoknaditi<\/h5>\n\n\n\n<p><\/p>\n","protected":false},"excerpt":{"rendered":"<p>\u0160kolska biblioteka je dobro opremljena. \u010clanstvo u biblioteci je besplatno za sve na\u0161e u\u010denike i uposlenike. Radno vrijeme ponedjeljak, srijeda i petak : od 09 do 14 sati, utorak i \u010detvrtak: od 14 do 19 sati. Nekoliko pravila (za podsje\u0107anje) koja vrijede u biblioteci:* zbog izbjegavanja gu\u017eve, u biblioteku ulaze po dva posjetioca (\u010dlana)* posu\u0111enu [&hellip;]<\/p>\n","protected":false},"author":1,"featured_media":0,"parent":0,"menu_order":0,"comment_status":"closed","ping_status":"closed","template":"","meta":{"footnotes":""},"class_list":["post-767","page","type-page","status-publish","hentry"],"_links":{"self":[{"href":"http:\/\/mspvps.edu.ba\/index.php\/wp-json\/wp\/v2\/pages\/767","targetHints":{"allow":["GET"]}}],"collection":[{"href":"http:\/\/mspvps.edu.ba\/index.php\/wp-json\/wp\/v2\/pages"}],"about":[{"href":"http:\/\/mspvps.edu.ba\/index.php\/wp-json\/wp\/v2\/types\/page"}],"author":[{"embeddable":true,"href":"http:\/\/mspvps.edu.ba\/index.php\/wp-json\/wp\/v2\/users\/1"}],"replies":[{"embeddable":true,"href":"http:\/\/mspvps.edu.ba\/index.php\/wp-json\/wp\/v2\/comments?post=767"}],"version-history":[{"count":4,"href":"http:\/\/mspvps.edu.ba\/index.php\/wp-json\/wp\/v2\/pages\/767\/revisions"}],"predecessor-version":[{"id":3476,"href":"http:\/\/mspvps.edu.ba\/index.php\/wp-json\/wp\/v2\/pages\/767\/revisions\/3476"}],"wp:attachment":[{"href":"http:\/\/mspvps.edu.ba\/index.php\/wp-json\/wp\/v2\/media?parent=767"}],"curies":[{"name":"wp","href":"https:\/\/api.w.org\/{rel}","templated":true}]}}