{"id":710,"date":"2022-08-04T19:10:20","date_gmt":"2022-08-04T19:10:20","guid":{"rendered":"http:\/\/mspvps.edu.ba\/?page_id=710"},"modified":"2023-05-16T20:25:36","modified_gmt":"2023-05-16T18:25:36","slug":"smjerovi","status":"publish","type":"page","link":"http:\/\/mspvps.edu.ba\/index.php\/smjerovi\/","title":{"rendered":"Smjerovi"},"content":{"rendered":"\n<!--more-->\n\n\n\n<p><strong><em><a href=\"http:\/\/mspvps.edu.ba\/index.php\/fitofarmaceut-agrotehnicar\/\" data-type=\"URL\" data-id=\"http:\/\/mspvps.edu.ba\/index.php\/fitofarmaceut-agrotehnicar\/\" target=\"_blank\" rel=\"noreferrer noopener\">Fitofarmaceut agrotehni\u010dar:<\/a><\/em><\/strong><\/p>\n\n\n\n<p>U toku \u010detvorogodi\u0161njeg obrazovanja u\u010denici \u0107e izu\u010davati ukupno 124 modula u okviru 13 predmeta op\u0107eobrazovne nastave, 11 predmeta stru\u010dno- teoretske nastave, kao i kroz \u010dasove prakti\u010dne nastave. Nakon polo\u017eenog maturskog ispita u\u010denik sti\u010de diplomu&nbsp;<em>Fitofarmaceut<\/em>&nbsp;agrotehni\u010dar.<\/p>\n\n\n\n<p>Ovim zanimanjem sti\u010du se osnovna znanja o uzro\u010dnicima biljnih bolesti , biljnih \u0161teto\u010dina i korova. U\u010di se o mjerama za\u0161tite bilja, za\u0161titnim sredstvima&nbsp; i njihovoj upotrebi , te njihovo djelovanje na \u010dovjeka i okolinu.<\/p>\n\n\n\n<p>Tokom teoretske i prakti\u010dne nastave sti\u010du se temeljna znanja o uzgoju poljoprivrednih kultura ( rataskog bilja, povr\u0107a, vo\u0107a , vinove loze, cvije\u0107a ) ,&nbsp; i animalnoj proizvodnji.<\/p>\n\n\n\n<p><em><strong><a href=\"http:\/\/mspvps.edu.ba\/index.php\/veterinarski-tehnicar\/\" data-type=\"URL\" data-id=\"http:\/\/mspvps.edu.ba\/index.php\/veterinarski-tehnicar\/\" target=\"_blank\" rel=\"noreferrer noopener\">Veterinarski tehni\u010dar:<\/a><\/strong><\/em><\/p>\n\n\n\n<p>Poslove veterinarske djelatnosti obavljaju veterinarski kadrovi visoko\u0161kolskog i srednjo\u0161kolskog obrazovanja.&nbsp;Srednjo\u0161kolski nivo obrazovanja stje\u010de se na osnovu nastavnih planova i programa, koji daju osnovna znanja i vje\u0161tine za poslove veterinarskog tehni\u010dara.&nbsp;Veterinarski tehni\u010dar samostalno obavlja poslove tehni\u010dke prirode kao \u0161to su: dezinfekcija, dezinsekcija, deratizacija, kontrola higijene, hranjenja, napajanja \u017eivotnija, pomaganje kod lje\u010denja, pomaganje kod hiru\u0161kih zahvata, sterilizaciju instrumenata i druge poslove prema nalogu doktora veterinarske medicine i prema pravilima struke.<\/p>\n\n\n\n<p>(U &nbsp;veterinarskim stanicama, ambulantama, klinikama, farmama i uzgojili\u0161tima \u017eivotnija, kao i drugim poslovima iz kompleksa sto\u010darstva i za\u0161tite \u010dovjekove okoline.)<\/p>\n\n\n\n<p><em><strong><a href=\"http:\/\/mspvps.edu.ba\/index.php\/prehrambeni-tehnicar\/\" data-type=\"URL\" data-id=\"http:\/\/mspvps.edu.ba\/index.php\/prehrambeni-tehnicar\/\" target=\"_blank\" rel=\"noreferrer noopener\">Prehrambeni tehni\u010dar:<\/a><\/strong><\/em><\/p>\n\n\n\n<p>U\u010denici \u0107e tokom \u0161kolovanja nau\u010diti tehnolo\u0161ki proces prerade hrane, analizu kvaliteta namirnica, uticaj namirnica na zdravlje ljudi. Prakti\u010dan rad se obavlja u vlastitoj laboratoriji i prehrambenoj industriji.Prehrambeni tehni\u010dar se mo\u017ee zaposliti u prehrambenoj industriji ili nastaviti \u0161kolovanje na fakultetu.<\/p>\n\n\n\n<p><em><strong><a href=\"http:\/\/mspvps.edu.ba\/index.php\/kozmeticki-tehnicar\/\" data-type=\"URL\" data-id=\"http:\/\/mspvps.edu.ba\/index.php\/kozmeticki-tehnicar\/\" target=\"_blank\" rel=\"noreferrer noopener\">Kozmeti\u010dki tehni\u010dar:<\/a><\/strong><\/em><\/p>\n\n\n\n<p>U\u010denici \u0107e nau\u010diti sve o njezi lica i tijela. Prakti\u010dna nastava se obavlja u \u0161kolskom salonu. Nakon zavr\u0161etka \u0161kolovanja mo\u017ee se zaposliti u nekom od salona, otvoriti vlastiti salon ili nastaviti \u0161kolovanje.<\/p>\n\n\n\n<p><strong><em><a href=\"http:\/\/mspvps.edu.ba\/index.php\/nutricionist-tehnicar\/\" data-type=\"URL\" data-id=\"http:\/\/mspvps.edu.ba\/index.php\/nutricionist-tehnicar\/\" target=\"_blank\" rel=\"noreferrer noopener\">Nutricionist tehni\u010dar<\/a><\/em><\/strong><\/p>\n\n\n\n<p>Tehni\u010dari nutricionisti su osobe educirane o na\u010delima zdrave prehrane, znaju \u0161to razni prehrambeni proizvodi sadr\u017ee i kako utje\u010du na ljudsko zdravlje. Nakon zavr\u0161etka \u010detverogodi\u0161njeg \u0161kolovanja u\u010denici pola\u017eu zavr\u0161ni ispit.&nbsp;Zvanje Tehni\u010dar nutricionist je zavr\u0161no zanimanje s kojim se u\u010denici mogu zaposliti ili nastaviti svoje obrazovanje na srodnim fakultetima.<\/p>\n\n\n\n<p><em><strong><a href=\"http:\/\/mspvps.edu.ba\/index.php\/poljoprivredni-tehnicar\/\" data-type=\"URL\" data-id=\"http:\/\/mspvps.edu.ba\/index.php\/poljoprivredni-tehnicar\/\" target=\"_blank\" rel=\"noreferrer noopener\">Poljoprivredni tehni\u010dar:<\/a><\/strong><\/em><\/p>\n\n\n\n<p>U\u010denici \u0107e nau\u010diti sve o proizvodnji&nbsp;hrane biljnog i animalnog porijekla.<br>Prakti\u010dan dio nastave u\u010denici obavljaju na \u0161kolskom poljoprivrednom dobru. Nakon zavr\u0161etka \u0161kolovanja, poljoprivredni tehni\u010dar se mo\u017ee zaposliti na&nbsp;poljoprivrednom dobru, farmi, pokrenuti vlastitu proizvodnju hrane ili nastaviti \u0161kolovanje na fakultetu.<\/p>\n\n\n\n<p><em><strong><a href=\"http:\/\/mspvps.edu.ba\/index.php\/farmer\/\" data-type=\"URL\" data-id=\"http:\/\/mspvps.edu.ba\/index.php\/farmer\/\" target=\"_blank\" rel=\"noreferrer noopener\">Farmer<u>:<\/u><\/a><\/strong><\/em><\/p>\n\n\n\n<p>U\u010denici \u0107e nau\u010diti o&nbsp;anatomiji i fiziologiji doma\u0107ih&nbsp;\u017eivotinja te uzgoju i ishrani pre\u017eivara i nepre\u017eivara. Savladat&nbsp;\u0107e kori\u0161tenje poljoprivredne mehanizacije i proizvodnju hrane za doma\u0107e \u017eivotinje. Prakti\u010dna nastava se obavlja na \u0161kolskom poljoprivrednom dobru i&nbsp; privatnim farmama. Farmer se mo\u017ee zaposliti na farmama doma\u0107ih \u017eivotinja i ergelama za uzgoj konja ili pokrenuti vlastiti biznis.<\/p>\n\n\n\n<p><em><a href=\"http:\/\/mspvps.edu.ba\/index.php\/frizer\/\" data-type=\"URL\" data-id=\"http:\/\/mspvps.edu.ba\/index.php\/frizer\/\" target=\"_blank\" rel=\"noreferrer noopener\"><strong>Frizer<\/strong>:<\/a><\/em><\/p>\n\n\n\n<p>U\u010denici \u0107e nau\u010diti sve o njezi kose, bi\u0107e u toku najnovijih svjetskih trendova u \u0161i\u0161anju, farbanju, nadogradnji kose i pravljenju frizura. Prakti\u010dna nastava se obavlja u modernom \u0161kolskom salonu i privatnim salonima a nakon zavr\u0161etka obrazovanja mo\u017ee se zaposliti u nekom od salona ili otvoriti vlastiti.<\/p>\n\n\n\n<p><em><strong><a href=\"http:\/\/mspvps.edu.ba\/index.php\/cvjecar-vrtlar\/\" data-type=\"URL\" data-id=\"http:\/\/mspvps.edu.ba\/index.php\/cvjecar-vrtlar\/\" target=\"_blank\" rel=\"noreferrer noopener\">Cvje\u0107ar \u2013 vrtlar:<\/a><\/strong><\/em><\/p>\n\n\n\n<p>U\u010denici \u0107e nau\u010diti sve o proizvodnji, za\u0161titi i njezi cvije\u0107a.. Prakti\u010dna nastava se obavlja na \u0161kolsom poljoprivrednom dobru, Javnom komunalnom preduze\u0107u Park u Ned\u017eari\u0107ima i Sokolovi\u0107 koloniji (rasadnicima hortikulturnih biljaka). Nakon zavr\u0161etka obrazovanja mo\u017ee se zaposliti u nekoj od cvje\u0107ara, rasadnika ili pokrenuti vlastitu proizvodnju i prodaju cvije\u0107a i rasada.<\/p>\n\n\n\n<p><em><strong><a href=\"http:\/\/mspvps.edu.ba\/index.php\/vocar-vinogradar-vinar\/\" data-type=\"URL\" data-id=\"http:\/\/mspvps.edu.ba\/index.php\/vocar-vinogradar-vinar\/\" target=\"_blank\" rel=\"noreferrer noopener\">Vo\u0107ar \u2013 vinogradar \u2013 vinar:<\/a><\/strong><\/em><\/p>\n\n\n\n<p>U\u010denici \u0107e nau\u010diti sve o uzgoju vo\u0107a i vinove loze tako\u0111er i o procesu proizvodnje vina. Prakti\u010dna nastava se obavlja na \u0161kolskom poljoprivrednom dobru. Nakon obrazovanja mo\u017ee se zaposliti na poljoprivrednom dobru, vinariji ili pokrenuti vlastitu proizvodnju.<\/p>\n\n\n\n<p><em><strong><a href=\"http:\/\/mspvps.edu.ba\/index.php\/pekar\/\" data-type=\"URL\" data-id=\"http:\/\/mspvps.edu.ba\/index.php\/pekar\/\" target=\"_blank\" rel=\"noreferrer noopener\">Pekar:<\/a><\/strong><\/em><\/p>\n\n\n\n<p>U\u010denici \u0107e nau\u010diti kako napraviti hljeb, ukusna peciva i slatke konditorske proizvode koji u potpunosti isunjavaju zdravstveno-higijenske zahtjeve. Prakti\u010dna nastava se obavlja u \u0161kolskoj radionici. Pekar se mo\u017ee zaposliti u pekari, pekarskoj industriji, &nbsp;mlinu ili pokrenuti vlastiti obrt.<\/p>\n\n\n\n<p><em><strong><a href=\"http:\/\/mspvps.edu.ba\/index.php\/mesar\/\" data-type=\"URL\" data-id=\"http:\/\/mspvps.edu.ba\/index.php\/mesar\/\" target=\"_blank\" rel=\"noreferrer noopener\">Mesar:<\/a><\/strong><\/em><\/p>\n\n\n\n<p>U\u010denici \u0107e nau\u010diti sve o mesu i tehnolo\u0161kom procesu proizvodnje prera\u0111evina od mesa. Prakti\u010dna nastava se obavlja u \u0161kolskoj radionici gdje imaju priliku da rade na najsavremenijoj opremi mesne industrije i privatnim mesnicama i klaonicama. Mesar se mo\u017ee zaposliti u mesari, mesnoj industriji ili pokrenuti vlastiti obrt.<\/p>\n\n\n\n<p><em><strong><a href=\"http:\/\/mspvps.edu.ba\/index.php\/preradivac-mlijeka\/\" data-type=\"URL\" data-id=\"http:\/\/mspvps.edu.ba\/index.php\/preradivac-mlijeka\/\" target=\"_blank\" rel=\"noreferrer noopener\">Prera\u0111iva\u010d mlijeka:<\/a><\/strong><\/em><\/p>\n\n\n\n<p>U\u010denici \u0107e nau\u010diti sve o mlijeku i tehnolo\u0161kom procesu proizvodnje prera\u0111evina od mlijeka. Prakti\u010dna nastava se obavlja u \u0161kolskoj radionici gdje imaju priliku da rade na najsavremenijoj opremi &nbsp;i mljekarskoj industriji. Mljekar se mo\u017ee zaposliti u mljekarskoj industriji ili pokrenuti vlastitu proizvodnju mlje\u010dnih prera\u0111evina.<\/p>\n","protected":false},"excerpt":{"rendered":"","protected":false},"author":1,"featured_media":0,"parent":0,"menu_order":0,"comment_status":"closed","ping_status":"closed","template":"","meta":{"footnotes":""},"class_list":["post-710","page","type-page","status-publish","hentry"],"_links":{"self":[{"href":"http:\/\/mspvps.edu.ba\/index.php\/wp-json\/wp\/v2\/pages\/710","targetHints":{"allow":["GET"]}}],"collection":[{"href":"http:\/\/mspvps.edu.ba\/index.php\/wp-json\/wp\/v2\/pages"}],"about":[{"href":"http:\/\/mspvps.edu.ba\/index.php\/wp-json\/wp\/v2\/types\/page"}],"author":[{"embeddable":true,"href":"http:\/\/mspvps.edu.ba\/index.php\/wp-json\/wp\/v2\/users\/1"}],"replies":[{"embeddable":true,"href":"http:\/\/mspvps.edu.ba\/index.php\/wp-json\/wp\/v2\/comments?post=710"}],"version-history":[{"count":7,"href":"http:\/\/mspvps.edu.ba\/index.php\/wp-json\/wp\/v2\/pages\/710\/revisions"}],"predecessor-version":[{"id":1773,"href":"http:\/\/mspvps.edu.ba\/index.php\/wp-json\/wp\/v2\/pages\/710\/revisions\/1773"}],"wp:attachment":[{"href":"http:\/\/mspvps.edu.ba\/index.php\/wp-json\/wp\/v2\/media?parent=710"}],"curies":[{"name":"wp","href":"https:\/\/api.w.org\/{rel}","templated":true}]}}