{"id":664,"date":"2022-08-04T17:16:45","date_gmt":"2022-08-04T17:16:45","guid":{"rendered":"http:\/\/mspvps.edu.ba\/?page_id=664"},"modified":"2026-04-28T15:01:08","modified_gmt":"2026-04-28T13:01:08","slug":"javne-nabavke","status":"publish","type":"page","link":"http:\/\/mspvps.edu.ba\/index.php\/javne-nabavke\/","title":{"rendered":"Javne nabavke"},"content":{"rendered":"\n<p class=\"has-text-align-center\"><strong>Registar podataka o javnim nabavkama Kantona Sarajevo<\/strong><\/p>\n\n\n\n<!--more-->\n\n\n\n<div class=\"wp-block-group is-layout-flow wp-block-group-is-layout-flow\"><style>\n       .errordiv { padding:10px; margin:10px; border: 1px solid #555555;color: #000000;background-color: #f8f8f8; width:500px; }#advanced_iframe {visibility:visible;opacity:1;vertical-align:top;}.ai-info-bottom-iframe { position: fixed; z-index: 10000; bottom:0; left: 0; margin: 0px; text-align: center; width: 100%; background-color: #ff9999; padding-left: 5px;padding-bottom: 5px; border-top: 1px solid #aaa } a.ai-bold {font-weight: bold;}#ai-layer-div-advanced_iframe p {height:100%;margin:0;padding:0}<\/style><script type=\"text\/javascript\">var ai_iframe_width_advanced_iframe = 0;var ai_iframe_height_advanced_iframe = 0;var aiOnloadScrollTop=\"true\";var aiShowDebug=false;\n\t\tif (typeof aiReadyCallbacks === 'undefined') {\n\t\t\tvar aiReadyCallbacks = [];\n\t\t} else if (!(aiReadyCallbacks instanceof Array)) {\n\t\t\tvar aiReadyCallbacks = [];\n\t\t}    function aiShowIframeId(id_iframe) { jQuery(\"#\"+id_iframe).css(\"visibility\", \"visible\");    }    function aiResizeIframeHeight(height) { aiResizeIframeHeight(height,advanced_iframe); }    function aiResizeIframeHeightId(height,width,id) {aiResizeIframeHeightById(id,height);}<\/script><iframe id=\"advanced_iframe\"  name=\"advanced_iframe\"  src=\"https:\/\/www.anticorrupiks.com\/\/institucija\/71D06D0D-7FF0-8940-A40B-9D6676F2F7D7\/registar-javnih-nabavki\"  width=\"900\"  height=\"800\"  frameborder=\"0\"  border=\"0\"  allowtransparency=\"true\"  loading=\"lazy\"  style=\";border-width: 0px;;border: none;;width:900px;;height:800px;\" ><\/iframe><script type=\"text\/javascript\">var ifrm_advanced_iframe = document.getElementById(\"advanced_iframe\");var hiddenTabsDoneadvanced_iframe = false;\nfunction resizeCallbackadvanced_iframe() {}<\/script><script type=\"text\/javascript\"><\/script><p style=\"display:block !important; visibility:visible !important;margin: -18px 14px 0 0;padding-left: 3px;padding-top:3px;background: white; overflow: hidden; position: relative; line-height:15px;width: fit-content;\"><small style=\"display:block !important;visibility:visible !important\">powered by Advanced iFrame<\/small><\/p><\/div>\n\n\n\n<p><strong>Plan nabavki (PDF):<\/strong><\/p>\n\n\n\n<figure class=\"wp-block-table\"><table class=\"has-fixed-layout\"><thead><tr><th>Plan nabavki<\/th><th>Napomena<\/th><\/tr><\/thead><tbody><tr><td>Plan nabavni roba, usluga i radova za 2020. godinu<\/td><td>Klikom na tekst otvarate dokument<\/td><\/tr><tr><td><a rel=\"noreferrer noopener\" href=\"https:\/\/drive.google.com\/file\/d\/1i0B8vmHpSVeqMtM-f-u2_AzWaJmvvFNY\/view\" data-type=\"URL\" data-id=\"https:\/\/drive.google.com\/file\/d\/1i0B8vmHpSVeqMtM-f-u2_AzWaJmvvFNY\/view\" target=\"_blank\">Plan nabavni roba, usluga i radova <\/a>za 2021. godinu<\/td><td>Klikom na tekst otvarate dokument<\/td><\/tr><tr><td><a rel=\"noreferrer noopener\" href=\"https:\/\/drive.google.com\/file\/d\/1-jmBjnOvY9We5Hry74PEEhWiXdOFCvIy\/view?usp=sharing\" data-type=\"URL\" data-id=\"https:\/\/drive.google.com\/file\/d\/1-jmBjnOvY9We5Hry74PEEhWiXdOFCvIy\/view?usp=sharing\" target=\"_blank\">Plan nabavni roba, usluga i radova<\/a> za 2022. godinu<\/td><td>Klikom na tekst otvarate dokument<\/td><\/tr><tr><td><a rel=\"noreferrer noopener\" href=\"https:\/\/drive.google.com\/file\/d\/1aJs94JSAFfZFY58ZROP6bBPjNheABd6a\/view?usp=share_link\" data-type=\"URL\" data-id=\"https:\/\/drive.google.com\/file\/d\/1aJs94JSAFfZFY58ZROP6bBPjNheABd6a\/view?usp=share_link\" target=\"_blank\">Privremeni Plan nabavni roba, usluga i radova<\/a> za period: 1.1.2023. &#8211; 31.3.2023. godinu<\/td><td>Klikom na tekst otvarate dokument<\/td><\/tr><tr><td><a rel=\"noreferrer noopener\" href=\"https:\/\/drive.google.com\/file\/d\/1MSbqK1Zm2NkvBURijuJ2I_iUyfgoqBG0\/view?usp=share_link\" data-type=\"URL\" data-id=\"https:\/\/drive.google.com\/file\/d\/1MSbqK1Zm2NkvBURijuJ2I_iUyfgoqBG0\/view?usp=share_link\" target=\"_blank\">Plan nabavni roba, usluga i radova<\/a> za 2023. godinu<\/td><td>Klikom na tekst otvarate dokument<\/td><\/tr><tr><td>Odluka &#8211; <a href=\"https:\/\/drive.google.com\/file\/d\/1yydOueNiL8lXWGb5GW3ApKPkZKuMVfq3\/view?usp=drive_link\" data-type=\"link\" data-id=\"https:\/\/drive.google.com\/file\/d\/1yydOueNiL8lXWGb5GW3ApKPkZKuMVfq3\/view?usp=drive_link\">Izmjena i dopuna Plana javnih nabavki 22-23 (Graq\u0111evinski materijal)<\/a><\/td><td>Klikom na tekst otvarate dokument<\/td><\/tr><tr><td>Odluka &#8211; <a href=\"https:\/\/drive.google.com\/file\/d\/1l9AIyKTso_3GwvnsmuPvNTkJ4oepDfNb\/view?usp=drive_link\" data-type=\"link\" data-id=\"https:\/\/drive.google.com\/file\/d\/1l9AIyKTso_3GwvnsmuPvNTkJ4oepDfNb\/view?usp=drive_link\">Izmjena i dopuna Plana javnih nabavki 22-23 (\u010ci\u0161\u0107enje dimnog kanala i dimnjaka)<\/a><\/td><td>Klikom na tekst otvarate dokument<\/td><\/tr><tr><td>Odluka &#8211; <a href=\"https:\/\/drive.google.com\/file\/d\/17_84EfGNq9EO_7Tq7fnFDEK567Kpyk73\/view?usp=drive_link\" data-type=\"link\" data-id=\"https:\/\/drive.google.com\/file\/d\/17_84EfGNq9EO_7Tq7fnFDEK567Kpyk73\/view?usp=drive_link\">Izmjena i dopuna Plana javnih nabavki 22-23 (Usluge ogla\u0161avanja)<\/a><\/td><td>Klikom na tekst otvarate dokument<\/td><\/tr><tr><td>Odluka &#8211; <a href=\"https:\/\/drive.google.com\/file\/d\/1iJlpO4H800nm-AHnEh2OqmdzLSBlFD0y\/view?usp=drive_link\" data-type=\"link\" data-id=\"https:\/\/drive.google.com\/file\/d\/17_84EfGNq9EO_7Tq7fnFDEK567Kpyk73\/view?usp=drive_link\" target=\"_blank\" rel=\"noreferrer noopener\">Izmjena i dopuna Plana javnih nabavki 22-23 (Usluge ogla\u0161avanja<\/a><a href=\"https:\/\/drive.google.com\/file\/d\/17_84EfGNq9EO_7Tq7fnFDEK567Kpyk73\/view?usp=drive_link\" data-type=\"link\" data-id=\"https:\/\/drive.google.com\/file\/d\/17_84EfGNq9EO_7Tq7fnFDEK567Kpyk73\/view?usp=drive_link\">)<\/a><\/td><td>Klikom na tekst otvarate dokument<\/td><\/tr><tr><td><a href=\"https:\/\/drive.google.com\/file\/d\/19Aa1Q13R2WSTTo7qMrV54wpRF56WvpKQ\/view?usp=sharing\" data-type=\"link\" data-id=\"https:\/\/drive.google.com\/file\/d\/19Aa1Q13R2WSTTo7qMrV54wpRF56WvpKQ\/view?usp=sharing\" target=\"_blank\" rel=\"noreferrer noopener\">Plan nabavni roba, usluga i radova za 2024. godinu<\/a><\/td><td>Klikom na tekst otvarate dokument<\/td><\/tr><tr><td><a href=\"https:\/\/drive.google.com\/file\/d\/1ceJ7ywfEqkKOZ4ILAkVv2fT1hx6q3JPD\/view?usp=sharing\" data-type=\"link\" data-id=\"https:\/\/drive.google.com\/file\/d\/1ceJ7ywfEqkKOZ4ILAkVv2fT1hx6q3JPD\/view?usp=sharing\" target=\"_blank\" rel=\"noreferrer noopener\">Odluka o izmjeni i dopune Plana javnih nabavki za 2024. godinu<\/a><\/td><td>Klikom na tekst otvarate dokument<\/td><\/tr><tr><td><a href=\"https:\/\/drive.google.com\/file\/d\/1smCng4lw4QBuENPdZK5XB1h6Rteicgv2\/view?usp=sharing\" data-type=\"link\" data-id=\"https:\/\/drive.google.com\/file\/d\/1smCng4lw4QBuENPdZK5XB1h6Rteicgv2\/view?usp=sharing\" target=\"_blank\" rel=\"noreferrer noopener\">Pre\u010di\u0161\u0107eni plan Javnih nabavki za 2024. godinu<\/a><\/td><td>Klikom na tekst otvarate dokument<\/td><\/tr><tr><td><a href=\"https:\/\/drive.google.com\/file\/d\/1Sj-nI9eGMj0OIdKNjjal1-b7hhgZa30Q\/view?usp=sharing\" data-type=\"link\" data-id=\"https:\/\/drive.google.com\/file\/d\/1Sj-nI9eGMj0OIdKNjjal1-b7hhgZa30Q\/view?usp=sharing\" target=\"_blank\" rel=\"noreferrer noopener\">Izmjena i dopuna Plana javnih nabavki za 2024. godinu<\/a><\/td><td>Klikom na tekst otvarate dokument<\/td><\/tr><tr><td><a href=\"https:\/\/drive.google.com\/file\/d\/1RnlODhWOY0aT1rvioQYwdwwEGeOxdltZ\/view?usp=sharing\" data-type=\"link\" data-id=\"https:\/\/drive.google.com\/file\/d\/1RnlODhWOY0aT1rvioQYwdwwEGeOxdltZ\/view?usp=sharing\" target=\"_blank\" rel=\"noreferrer noopener\">Odluka o privremenom planu nabavki za period 01.01.2025.-31.03.2025.<\/a><br><br><a href=\"https:\/\/drive.google.com\/file\/d\/19JdLWaHMJjnMW30DjmQbILrljWQ7hs3d\/view?usp=sharing\" data-type=\"link\" data-id=\"https:\/\/drive.google.com\/file\/d\/19JdLWaHMJjnMW30DjmQbILrljWQ7hs3d\/view?usp=sharing\" target=\"_blank\" rel=\"noreferrer noopener\">Privremeni plan nabavki za period 01.01.2025.-31.01.2025.<\/a><\/td><td>Klikom na tekst otvarate dokument<\/td><\/tr><tr><td><a href=\"https:\/\/drive.google.com\/file\/d\/1DOK9124Zy1GVZWlr8_MJyfv6x4hq10kF\/view?usp=sharing\" data-type=\"link\" data-id=\"https:\/\/drive.google.com\/file\/d\/19JdLWaHMJjnMW30DjmQbILrljWQ7hs3d\/view?usp=sharing\" target=\"_blank\" rel=\"noreferrer noopener\">Plan javnih nabavki za 2025. godinu<\/a><\/td><td>Klikom na tekst otvarate dokument<\/td><\/tr><tr><td><a href=\"https:\/\/drive.google.com\/file\/d\/1HGQuHzY7wphya7VtwBO6-YBfIHkKS0Q2\/view?usp=sharing\" data-type=\"link\" data-id=\"https:\/\/drive.google.com\/file\/d\/1HGQuHzY7wphya7VtwBO6-YBfIHkKS0Q2\/view?usp=sharing\">Izmjena plana javnih nabavki za 2025. godinu<\/a><\/td><td><br>Klikom na tekst otvarate dokument<\/td><\/tr><tr><td><a href=\"https:\/\/drive.google.com\/file\/d\/17WjNSKXgLunZVgysIxgPlaL5j5n2qtzL\/view?usp=drive_link\" data-type=\"link\" data-id=\"https:\/\/drive.google.com\/file\/d\/17WjNSKXgLunZVgysIxgPlaL5j5n2qtzL\/view?usp=drive_link\" target=\"_blank\" rel=\"noreferrer noopener\">Plan nabavki za 2026. godinu i odluka<\/a><\/td><td>Klikom na tekst otvarate dokument<\/td><\/tr><tr><td><a href=\"https:\/\/drive.google.com\/file\/d\/1LQ-b7MFKpa1FOnYdTKk2Uo8O2fuemtW-\/view?usp=sharing\" data-type=\"link\" data-id=\"https:\/\/drive.google.com\/file\/d\/1LQ-b7MFKpa1FOnYdTKk2Uo8O2fuemtW-\/view?usp=sharing\" target=\"_blank\" rel=\"noreferrer noopener\">Prva izmjena plana javnih nabavki 2026. god.<\/a><\/td><td>Klikom na tekst otvarate dokument<\/td><\/tr><\/tbody><\/table><\/figure>\n\n\n\n<p><strong>Obavijest o izboru ponu\u0111a\u010da<\/strong>:<br><a href=\"https:\/\/drive.google.com\/file\/d\/1dNR4_-5MlJ544pz_874FHgE6WVCXQNik\/view?usp=sharing\" target=\"_blank\" rel=\"noreferrer noopener\">Obavijest o izboru ponu\u0111a\u010da &#8211; usluga ugradnje gromobrana<\/a><\/p>\n\n\n\n<p><a href=\"https:\/\/drive.google.com\/file\/d\/1Q5oA7Mgroifaw_drzafh_TO1maA8l7yl\/view?usp=sharing\" data-type=\"link\" data-id=\"https:\/\/drive.google.com\/file\/d\/1Q5oA7Mgroifaw_drzafh_TO1maA8l7yl\/view?usp=sharing\" target=\"_blank\" rel=\"noreferrer noopener\">Obavijest o izboru ponu\u0111a\u010da &#8211; rekonstrukcija sale<\/a><\/p>\n\n\n\n<p><a href=\"https:\/\/drive.google.com\/file\/d\/1C6qvGJIjLJjfW6vnmtuAQGmEIhz2D4fW\/view?usp=sharing\" data-type=\"link\" data-id=\"https:\/\/drive.google.com\/file\/d\/1C6qvGJIjLJjfW6vnmtuAQGmEIhz2D4fW\/view?usp=sharing\" target=\"_blank\" rel=\"noreferrer noopener\">Odluka o izboru &#8211; aneks II sistemastki pregled<\/a> 2025<\/p>\n\n\n\n<p><a href=\"https:\/\/drive.google.com\/file\/d\/1wSuNCXISgvelU-hVPf4RuOclb5vzVSDR\/view?usp=sharing\" data-type=\"link\" data-id=\"https:\/\/drive.google.com\/file\/d\/1wSuNCXISgvelU-hVPf4RuOclb5vzVSDR\/view?usp=sharing\">Odluka o izboru &#8211; Sistematski pregled 2026<\/a><\/p>\n\n\n\n<p><\/p>\n\n\n\n<p><strong>Zahtjevi\/odluke:<\/strong><\/p>\n\n\n\n<p>Nove objave:<\/p>\n\n\n\n<ul class=\"wp-block-list\">\n<li><a href=\"https:\/\/drive.google.com\/file\/d\/1MYUiATHC_S5EbmmCYaXWD1z9WiNBkvT0\/view?usp=sharing\" data-type=\"link\" data-id=\"https:\/\/drive.google.com\/file\/d\/1MYUiATHC_S5EbmmCYaXWD1z9WiNBkvT0\/view?usp=sharing\" target=\"_blank\" rel=\"noreferrer noopener\">Izvedbeni plan i program ekskurzije u\u010denika zavr\u0161nih razreda &#8211; za period 03. 11. &#8211; 7. 11. 2025.<\/a><\/li>\n<\/ul>\n\n\n\n<p><strong>Pozivi za dostavljanje ponuda:<\/strong><\/p>\n\n\n\n<ul class=\"wp-block-list\">\n<li><a href=\"https:\/\/drive.google.com\/file\/d\/1vkpgdZUQwMZ8WCu7SpLuSdbHmDvzrF9U\/view?usp=sharing\" data-type=\"URL\" data-id=\"https:\/\/drive.google.com\/file\/d\/1vkpgdZUQwMZ8WCu7SpLuSdbHmDvzrF9U\/view?usp=sharing\" target=\"_blank\" rel=\"noreferrer noopener\">Poziv turisti\u010dkim agencijama za dostavljanje ponuda za organizaciju studijske posjete<\/a><\/li>\n\n\n\n<li><a href=\"https:\/\/drive.google.com\/file\/d\/1zymyIWTXBlgU1cYkKHodkrgIjSi3xax5\/view?usp=sharing\" data-type=\"URL\" data-id=\"https:\/\/drive.google.com\/file\/d\/1zymyIWTXBlgU1cYkKHodkrgIjSi3xax5\/view?usp=sharing\" target=\"_blank\" rel=\"noreferrer noopener\">Izvedbeni plan i program studijske posjete u \u0161kolskoj 2023-2024 godini<\/a><\/li>\n\n\n\n<li><a href=\"http:\/\/mspvps.edu.ba\/index.php\/2025\/03\/10\/zahtjevi-za-dostavljanje-ponude\/\" data-type=\"link\" data-id=\"http:\/\/mspvps.edu.ba\/index.php\/2025\/03\/10\/zahtjevi-za-dostavljanje-ponude\/\" target=\"_blank\" rel=\"noreferrer noopener\">POZIV TURISTI\u010cKIM AGENCIJAMA ZA DOSTAVLJANJE PONUDA \u2013 2025<\/a><\/li>\n<\/ul>\n\n\n\n<ul class=\"wp-block-list\">\n<li><a rel=\"noreferrer noopener\" href=\"https:\/\/drive.google.com\/file\/d\/1qBQmwpzGg0QuK-WIQaYESCzVaYu4na8G\/view?usp=share_link\" data-type=\"URL\" data-id=\"https:\/\/drive.google.com\/file\/d\/1qBQmwpzGg0QuK-WIQaYESCzVaYu4na8G\/view?usp=share_link\" target=\"_blank\">POZIV TURISTI\u010cKIM AGENCIJAMA ZA DOSTAVLJANJE PONUDA ZA ORGANIZACIJU PREVOZA U SVRHU REALIZACIJE STRU\u010cNE POSJETE<\/a><\/li>\n<\/ul>\n\n\n\n<ul class=\"wp-block-list\">\n<li><a href=\"https:\/\/drive.google.com\/file\/d\/1Rwyk2SiDvkRXIN5cKb77Bh_oO6rYprzb\/view?usp=share_link\" data-type=\"URL\" data-id=\"https:\/\/drive.google.com\/file\/d\/1Rwyk2SiDvkRXIN5cKb77Bh_oO6rYprzb\/view?usp=share_link\" target=\"_blank\" rel=\"noreferrer noopener\">Zahtjev za dostavu ponude maturske eskurzije 22-23<\/a><\/li>\n\n\n\n<li><a rel=\"noreferrer noopener\" href=\"https:\/\/drive.google.com\/file\/d\/1xljvrHJnlyJJ6vekYnnSif69fZ_QfE0z\/view?usp=share_link\" data-type=\"URL\" data-id=\"https:\/\/drive.google.com\/file\/d\/1xljvrHJnlyJJ6vekYnnSif69fZ_QfE0z\/view?usp=share_link\" target=\"_blank\">Izvedbeni plan i program eskurzije u\u010denika zavr\u0161nih razreda 22-23<\/a><\/li>\n<\/ul>\n","protected":false},"excerpt":{"rendered":"<p>Registar podataka o javnim nabavkama Kantona Sarajevo<\/p>\n","protected":false},"author":1,"featured_media":0,"parent":0,"menu_order":0,"comment_status":"closed","ping_status":"closed","template":"","meta":{"footnotes":""},"class_list":["post-664","page","type-page","status-publish","hentry"],"_links":{"self":[{"href":"http:\/\/mspvps.edu.ba\/index.php\/wp-json\/wp\/v2\/pages\/664","targetHints":{"allow":["GET"]}}],"collection":[{"href":"http:\/\/mspvps.edu.ba\/index.php\/wp-json\/wp\/v2\/pages"}],"about":[{"href":"http:\/\/mspvps.edu.ba\/index.php\/wp-json\/wp\/v2\/types\/page"}],"author":[{"embeddable":true,"href":"http:\/\/mspvps.edu.ba\/index.php\/wp-json\/wp\/v2\/users\/1"}],"replies":[{"embeddable":true,"href":"http:\/\/mspvps.edu.ba\/index.php\/wp-json\/wp\/v2\/comments?post=664"}],"version-history":[{"count":75,"href":"http:\/\/mspvps.edu.ba\/index.php\/wp-json\/wp\/v2\/pages\/664\/revisions"}],"predecessor-version":[{"id":3737,"href":"http:\/\/mspvps.edu.ba\/index.php\/wp-json\/wp\/v2\/pages\/664\/revisions\/3737"}],"wp:attachment":[{"href":"http:\/\/mspvps.edu.ba\/index.php\/wp-json\/wp\/v2\/media?parent=664"}],"curies":[{"name":"wp","href":"https:\/\/api.w.org\/{rel}","templated":true}]}}