{"id":660,"date":"2022-08-04T17:16:05","date_gmt":"2022-08-04T17:16:05","guid":{"rendered":"http:\/\/mspvps.edu.ba\/?page_id=660"},"modified":"2023-03-08T10:30:06","modified_gmt":"2023-03-08T09:30:06","slug":"propisi-i-drugi-akti","status":"publish","type":"page","link":"http:\/\/mspvps.edu.ba\/index.php\/propisi-i-drugi-akti\/","title":{"rendered":"Propisi i drugi akti &#8211; stari"},"content":{"rendered":"\n<ul class=\"wp-block-list\">\n<li><strong>USTAV<\/strong><\/li>\n\n\n\n<li><a rel=\"noreferrer noopener\" href=\"https:\/\/drive.google.com\/file\/d\/1Nr0Bxc0_c50OQtm5rdavOu75I94Lbtbe\/view?usp=share_link\" data-type=\"URL\" data-id=\"https:\/\/drive.google.com\/file\/d\/1Nr0Bxc0_c50OQtm5rdavOu75I94Lbtbe\/view?usp=share_link\" target=\"_blank\">Ustav &#8211; Kantona Sarajevo<\/a><\/li>\n\n\n\n<li><strong>SLU\u017dBENE NOVINE<\/strong><\/li>\n\n\n\n<li><a href=\"https:\/\/drive.google.com\/file\/d\/1XbZFQR07twkhr4Fd5v6V5AzKZy2TQB_M\/view?usp=sharing\" data-type=\"URL\" data-id=\"https:\/\/drive.google.com\/file\/d\/1XbZFQR07twkhr4Fd5v6V5AzKZy2TQB_M\/view?usp=sharing\" target=\"_blank\" rel=\"noreferrer noopener\">Slu\u017ebene novine &#8211; Kantona Sarajevo<\/a><\/li>\n\n\n\n<li><strong>ZAKONI<\/strong><\/li>\n\n\n\n<li><a rel=\"noreferrer noopener\" href=\"https:\/\/drive.google.com\/file\/d\/1H4miDBHwrmGc4R1RXlxvS843F9eH5qi2\/view?usp=sharing\" data-type=\"URL\" data-id=\"https:\/\/drive.google.com\/file\/d\/1H4miDBHwrmGc4R1RXlxvS843F9eH5qi2\/view?usp=sharing\" target=\"_blank\">Okvirni &#8211; Zakon o osnovnom i srednjem obrazovanju u Bosni i Hercegovini<\/a><\/li>\n\n\n\n<li><a rel=\"noreferrer noopener\" href=\"https:\/\/drive.google.com\/file\/d\/1k2ymG43CPLElGsptjYf_yXzg8cVWb351\/view?usp=share_link\" data-type=\"URL\" data-id=\"https:\/\/drive.google.com\/file\/d\/1k2ymG43CPLElGsptjYf_yXzg8cVWb351\/view?usp=share_link\" target=\"_blank\">Zakon o srednjem obrazovanju Kantona<\/a><a href=\"https:\/\/drive.google.com\/file\/d\/1k2ymG43CPLElGsptjYf_yXzg8cVWb351\/view?usp=share_link\" data-type=\"URL\" data-id=\"https:\/\/drive.google.com\/file\/d\/1k2ymG43CPLElGsptjYf_yXzg8cVWb351\/view?usp=share_link\"> <\/a><a href=\"https:\/\/drive.google.com\/file\/d\/1k2ymG43CPLElGsptjYf_yXzg8cVWb351\/view?usp=share_link\" data-type=\"URL\" data-id=\"https:\/\/drive.google.com\/file\/d\/1k2ymG43CPLElGsptjYf_yXzg8cVWb351\/view?usp=share_link\">Sarajevo<\/a><\/li>\n\n\n\n<li><a rel=\"noreferrer noopener\" href=\"https:\/\/drive.google.com\/file\/d\/1e5aZQx3Nlx9iWwXLCR6apO3snqH9x_GK\/view?usp=share_link\" data-type=\"URL\" data-id=\"https:\/\/drive.google.com\/file\/d\/1e5aZQx3Nlx9iWwXLCR6apO3snqH9x_GK\/view?usp=share_link\" target=\"_blank\">Zakon o javnim nabavkama<\/a><\/li>\n\n\n\n<li><a rel=\"noreferrer noopener\" href=\"https:\/\/drive.google.com\/file\/d\/1VGrzFtLsucerym672dCuQUVJB35vdQ5J\/view?usp=share_link\" data-type=\"URL\" data-id=\"https:\/\/drive.google.com\/file\/d\/1VGrzFtLsucerym672dCuQUVJB35vdQ5J\/view?usp=share_link\" target=\"_blank\">Zakon o izmjeni zakona o srednjem obrazovanju<\/a><\/li>\n\n\n\n<li><a rel=\"noreferrer noopener\" href=\"https:\/\/drive.google.com\/file\/d\/1CQHUaYFEJvpcYUQvNQySlsvNBGDVW7LN\/view?usp=share_link\" data-type=\"URL\" data-id=\"https:\/\/drive.google.com\/file\/d\/1CQHUaYFEJvpcYUQvNQySlsvNBGDVW7LN\/view?usp=share_link\" target=\"_blank\">Zakon o izmjenama i dopunama-Zakona o radu<\/a><\/li>\n\n\n\n<li><a rel=\"noreferrer noopener\" href=\"https:\/\/drive.google.com\/file\/d\/1wiOBGnPQMFHT808_21J1scNgVLwy4iM3\/view?usp=share_link\" data-type=\"URL\" data-id=\"https:\/\/drive.google.com\/file\/d\/1wiOBGnPQMFHT808_21J1scNgVLwy4iM3\/view?usp=share_link\" target=\"_blank\">Zakon o radu-Federacije BiH<\/a><\/li>\n<\/ul>\n\n\n\n<ul class=\"wp-block-list\">\n<li><strong>PRAVILNICI<\/strong><\/li>\n\n\n\n<li><a href=\"https:\/\/drive.google.com\/file\/d\/1VtZEzt1Rwgs5nzeFd4j5_0F8bJG_Aq2B\/view?usp=sharing\" data-type=\"URL\" data-id=\"https:\/\/drive.google.com\/file\/d\/1VtZEzt1Rwgs5nzeFd4j5_0F8bJG_Aq2B\/view?usp=sharing\" target=\"_blank\" rel=\"noreferrer noopener\">Pravilnik o organizaciji i realizaciji izleta, studijskih posjeta, ekskurzija, kampovanja\/logorovanja<\/a><\/li>\n\n\n\n<li><a href=\"https:\/\/drive.google.com\/file\/d\/1vfT1fiGait0j0EDpgjHMFvL2j0080W8i\/view?usp=share_link\" data-type=\"URL\" data-id=\"https:\/\/drive.google.com\/file\/d\/1vfT1fiGait0j0EDpgjHMFvL2j0080W8i\/view?usp=share_link\">Pravilnik o pra\u0107enju<\/a><a rel=\"noreferrer noopener\" href=\"https:\/\/drive.google.com\/file\/d\/1vfT1fiGait0j0EDpgjHMFvL2j0080W8i\/view?usp=share_link\" data-type=\"URL\" data-id=\"https:\/\/drive.google.com\/file\/d\/1vfT1fiGait0j0EDpgjHMFvL2j0080W8i\/view?usp=share_link\" target=\"_blank\"> <\/a><a rel=\"noreferrer noopener\" href=\"https:\/\/drive.google.com\/file\/d\/1vfT1fiGait0j0EDpgjHMFvL2j0080W8i\/view?usp=share_link\" data-type=\"URL\" data-id=\"https:\/\/drive.google.com\/file\/d\/1vfT1fiGait0j0EDpgjHMFvL2j0080W8i\/view?usp=share_link\" target=\"_blank\">vrednovanju i ocjenjivanju u\u010denika osnovnih i srednjih \u0161kola u Kantonu Sarajevo<\/a><\/li>\n\n\n\n<li><a rel=\"noreferrer noopener\" href=\"https:\/\/drive.google.com\/file\/d\/1thXjvOU6EzgoYN8hRYO4tC5AM3Mu5WrS\/view?usp=share_link\" data-type=\"URL\" data-id=\"https:\/\/drive.google.com\/file\/d\/1thXjvOU6EzgoYN8hRYO4tC5AM3Mu5WrS\/view?usp=share_link\" target=\"_blank\">Pravilnik o internoj evaluaciji znanja u\u010denika osnovnih i srednjih \u0161kola i eksternoj procjeni znanja u\u010denika osnovnih \u0161kola Kantona Sarajevo<\/a><\/li>\n\n\n\n<li><a rel=\"noreferrer noopener\" href=\"https:\/\/drive.google.com\/file\/d\/1ei3eTJz7_8D534gavdCswfhn_G3itJu0\/view?usp=share_link\" data-type=\"URL\" data-id=\"https:\/\/drive.google.com\/file\/d\/1ei3eTJz7_8D534gavdCswfhn_G3itJu0\/view?usp=share_link\" target=\"_blank\">Pravilnik o inkluzivnom obrazovanju<\/a><\/li>\n\n\n\n<li><a rel=\"noreferrer noopener\" href=\"https:\/\/drive.google.com\/file\/d\/1DOxjhL9XDQnXz4nVWZN_oL4mHjAdjKrw\/view?usp=share_link\" data-type=\"URL\" data-id=\"https:\/\/drive.google.com\/file\/d\/1DOxjhL9XDQnXz4nVWZN_oL4mHjAdjKrw\/view?usp=share_link\" target=\"_blank\">Pravilnik o ekskurzijama i izletima<\/a><\/li>\n\n\n\n<li><a href=\"https:\/\/drive.google.com\/file\/d\/1_SZDg8UZUH2hhfhlmMwu06-SBmoDYAyI\/view\" data-type=\"URL\" data-id=\"https:\/\/drive.google.com\/file\/d\/1_SZDg8UZUH2hhfhlmMwu06-SBmoDYAyI\/view\" target=\"_blank\" rel=\"noreferrer noopener\">Pravilnik sa kriterijama o za prijem radnika u predskolskim ustanovama osnovnim i srednjim skolama kao javnim ustanovama<\/a><\/li>\n\n\n\n<li><a rel=\"noreferrer noopener\" href=\"https:\/\/drive.google.com\/file\/d\/17DRCn7DgFnouh8iwUEoaKA2NJsD7Xvrl\/view?usp=share_link\" data-type=\"URL\" data-id=\"https:\/\/drive.google.com\/file\/d\/17DRCn7DgFnouh8iwUEoaKA2NJsD7Xvrl\/view?usp=share_link\" target=\"_blank\">Pedago\u0161ki standardi i normativi za srednje obrazovanje-Kantona Sarajevo<\/a><\/li>\n\n\n\n<li><a rel=\"noreferrer noopener\" href=\"https:\/\/drive.google.com\/file\/d\/13x6TEVhNVtJYH21dL2B38hGRkRRrWLkZ\/view?usp=share_link\" data-type=\"URL\" data-id=\"https:\/\/drive.google.com\/file\/d\/13x6TEVhNVtJYH21dL2B38hGRkRRrWLkZ\/view?usp=share_link\" target=\"_blank\">Izmjene i dopune pedago\u0161kih standarda i normativa za srednje obrazovanje u Kantonu Sarajevo<\/a><\/li>\n\n\n\n<li><a href=\"https:\/\/drive.google.com\/file\/d\/16hZObAxt2zct5nxPpa9San_hS2Eip9r0\/view?usp=share_link\" data-type=\"URL\" data-id=\"https:\/\/drive.google.com\/file\/d\/16hZObAxt2zct5nxPpa9San_hS2Eip9r0\/view?usp=share_link\" target=\"_blank\" rel=\"noreferrer noopener\">Pravilnik o izmjenama i dopunama pravilnika o izboru, nadle\u017enostima i na\u010dinu rada \u0161kolskih odbora srednjih \u0161kola Kantona Sarajevo<\/a><\/li>\n\n\n\n<li><a rel=\"noreferrer noopener\" href=\"https:\/\/drive.google.com\/file\/d\/16JDPE--AH1ykIgeYGPWKdzmTcxfck7KQ\/view?usp=share_link\" data-type=\"URL\" data-id=\"https:\/\/drive.google.com\/file\/d\/16JDPE--AH1ykIgeYGPWKdzmTcxfck7KQ\/view?usp=share_link\" target=\"_blank\">Pravilnik sa kriterijima za iskazivanje prestanka potrebe za zaposlenicima<\/a><\/li>\n\n\n\n<li><a rel=\"noreferrer noopener\" href=\"https:\/\/drive.google.com\/file\/d\/1bzp4TgGGgcYiFaCbaI94lFHV_mYaJFvU\/view?usp=share_link\" data-type=\"URL\" data-id=\"https:\/\/drive.google.com\/file\/d\/1bzp4TgGGgcYiFaCbaI94lFHV_mYaJFvU\/view?usp=share_link\" target=\"_blank\">Pravilnik o vo\u0111enju pedago\u0161ke dokumentacije i evidencije u srednjoj \u0161koli i domu u\u010denika<\/a><\/li>\n\n\n\n<li><a rel=\"noreferrer noopener\" href=\"https:\/\/drive.google.com\/file\/d\/1OfXcixiL6TKKauMs8Yp2lxNLa8ISwROL\/view?usp=share_link\" data-type=\"URL\" data-id=\"https:\/\/drive.google.com\/file\/d\/1OfXcixiL6TKKauMs8Yp2lxNLa8ISwROL\/view?usp=share_link\" target=\"_blank\">Pravilnik o sadr\u017eaju i na\u010dinu polaganja mature<\/a><\/li>\n\n\n\n<li>Pravilnik o ocjenjivanju napredovanju i sticanju stru\u010dnih zvanja odgajatelja profesora nastavnika i stru\u010dnih saradnika u pred\u0161kolskim ustanovama osnovnim srednjim \u0161kolama i domovima u\u010denika<\/li>\n\n\n\n<li><a rel=\"noreferrer noopener\" href=\"https:\/\/drive.google.com\/file\/d\/1cRFJhJHItvwYZjS2ydlnFbyWPZeVU5I6\/view?usp=share_link\" data-type=\"URL\" data-id=\"https:\/\/drive.google.com\/file\/d\/1cRFJhJHItvwYZjS2ydlnFbyWPZeVU5I6\/view?usp=share_link\" target=\"_blank\">Pravilnik o izmjenama i dopunama pravilnika o vo\u0111enju pedago\u0161ke dokumentacije i evidencije u srednjoj \u0161koli i domu u\u010denika<\/a><\/li>\n\n\n\n<li><a rel=\"noreferrer noopener\" href=\"https:\/\/drive.google.com\/file\/d\/1PfwD_96SnTge_hElsrsDyBIDiLMkA3_z\/view?usp=share_link\" data-type=\"URL\" data-id=\"https:\/\/drive.google.com\/file\/d\/1PfwD_96SnTge_hElsrsDyBIDiLMkA3_z\/view?usp=share_link\" target=\"_blank\">Pravilnik o ishrani u\u010denika u osnovnim i srednjim \u0161kolama Kantona Sarajevo<\/a><\/li>\n\n\n\n<li><a rel=\"noreferrer noopener\" href=\"https:\/\/drive.google.com\/file\/d\/13x6TEVhNVtJYH21dL2B38hGRkRRrWLkZ\/view?usp=share_link\" data-type=\"URL\" data-id=\"https:\/\/drive.google.com\/file\/d\/13x6TEVhNVtJYH21dL2B38hGRkRRrWLkZ\/view?usp=share_link\" target=\"_blank\">Izmjene i dopune pedago\u0161kih standarda i normativa za srednje obrazovanje u Kantonu Sarajevo<\/a><\/li>\n<\/ul>\n\n\n\n<ul class=\"wp-block-list\">\n<li><strong>\u0160KOLSKI AKTI<\/strong><\/li>\n\n\n\n<li><a rel=\"noreferrer noopener\" href=\"https:\/\/drive.google.com\/file\/d\/1-puglabowpMPSohFwIYfpV5mbF4Sa2jq\/view?usp=share_link\" data-type=\"URL\" data-id=\"https:\/\/drive.google.com\/file\/d\/1-puglabowpMPSohFwIYfpV5mbF4Sa2jq\/view?usp=share_link\" target=\"_blank\">PRAVILNIK &#8211; o ku\u0107nom redu \u0161kole<\/a><\/li>\n\n\n\n<li><a rel=\"noreferrer noopener\" href=\"https:\/\/drive.google.com\/file\/d\/1RuBOwR_6GFREVskRNbHXvg8S0GJydVYj\/view?usp=share_link\" data-type=\"URL\" data-id=\"https:\/\/drive.google.com\/file\/d\/1RuBOwR_6GFREVskRNbHXvg8S0GJydVYj\/view?usp=share_link\" target=\"_blank\">PRAVILNIK \u2013 o sticanju i raspodjeli vlastitih prihoda<\/a><\/li>\n\n\n\n<li><a rel=\"noreferrer noopener\" href=\"https:\/\/drive.google.com\/file\/d\/14Ru4vaKkM2hucA-A2oufVwo_rku8xTrb\/view?usp=share_link\" data-type=\"URL\" data-id=\"https:\/\/drive.google.com\/file\/d\/14Ru4vaKkM2hucA-A2oufVwo_rku8xTrb\/view?usp=share_link\" target=\"_blank\">PRAVILNIK &#8211; o <\/a><a rel=\"noreferrer noopener\" href=\"https:\/\/drive.google.com\/file\/d\/14Ru4vaKkM2hucA-A2oufVwo_rku8xTrb\/view?usp=share_link\" target=\"_blank\">nenormiranim poslovima nastavnika<\/a><\/li>\n\n\n\n<li><a rel=\"noreferrer noopener\" href=\"https:\/\/drive.google.com\/file\/d\/1qHAXA9oFm-L2UrrCt7OLZzXbmVDPz98k\/view?usp=share_link\" data-type=\"URL\" data-id=\"https:\/\/drive.google.com\/file\/d\/1qHAXA9oFm-L2UrrCt7OLZzXbmVDPz98k\/view?usp=share_link\" target=\"_blank\">PRAVILNIK &#8211;<\/a><a rel=\"noreferrer noopener\" href=\"https:\/\/drive.google.com\/file\/d\/1qHAXA9oFm-L2UrrCt7OLZzXbmVDPz98k\/view?usp=share_link\" target=\"_blank\"> o kancelarijskom i arhivskom poslovanju<\/a><\/li>\n\n\n\n<li><a rel=\"noreferrer noopener\" href=\"https:\/\/drive.google.com\/file\/d\/1lXGCuw194ttwqiF_trCH9RBQ41bKTcaa\/view?usp=share_link\" data-type=\"URL\" data-id=\"https:\/\/drive.google.com\/file\/d\/1lXGCuw194ttwqiF_trCH9RBQ41bKTcaa\/view?usp=share_link\" target=\"_blank\">PRAVILNIK &#8211; o radu &#8211; 2022\/2023<\/a><\/li>\n\n\n\n<li><a rel=\"noreferrer noopener\" href=\"https:\/\/drive.google.com\/file\/d\/1gUMnhdFG_X6pKNKoTM184C82cI4K_ccO\/view?usp=share_link\" target=\"_blank\">Eti\u010dki kodeks za oblike odgojno &#8211; obrazovnog rada<\/a><\/li>\n\n\n\n<li><a rel=\"noreferrer noopener\" href=\"https:\/\/drive.google.com\/file\/d\/1JNO2mI9urF6UbzkcFV-9T_INpyBS4Xgh\/view?usp=share_link\" data-type=\"URL\" data-id=\"https:\/\/drive.google.com\/file\/d\/1JNO2mI9urF6UbzkcFV-9T_INpyBS4Xgh\/view?usp=share_link\" target=\"_blank\"><a rel=\"noreferrer noopener\" href=\"https:\/\/drive.google.com\/file\/d\/1JNO2mI9urF6UbzkcFV-9T_INpyBS4Xgh\/view?usp=share_link\" target=\"_blank\">Pravilnik o internom prijavljivanju korupcije<\/a><\/a><\/li>\n\n\n\n<li><a rel=\"noreferrer noopener\" href=\"https:\/\/drive.google.com\/file\/d\/1Mm_Kv_CUInZODxHGrnFn8qMk8xi4Uz6Z\/view?usp=share_link\" data-type=\"URL\" data-id=\"https:\/\/drive.google.com\/file\/d\/1Mm_Kv_CUInZODxHGrnFn8qMk8xi4Uz6Z\/view?usp=share_link\" target=\"_blank\"><a rel=\"noreferrer noopener\" href=\"https:\/\/drive.google.com\/file\/d\/1Mm_Kv_CUInZODxHGrnFn8qMk8xi4Uz6Z\/view?usp=share_link\" target=\"_blank\">Eti\u010dki kodeks u online okru\u017eenju za u\u010denje<\/a><\/a><\/li>\n<\/ul>\n\n\n\n<p><\/p>\n\n\n\n<ul class=\"wp-block-list\">\n<li><strong>PRAVILNICI O ZA\u0160TITI NA RADU<\/strong><\/li>\n\n\n\n<li><a href=\"https:\/\/drive.google.com\/file\/d\/1v-Al-h7JsO_GjVKhf7w8wGfh_ZPUz56Z\/view?usp=share_link\" data-type=\"URL\" data-id=\"https:\/\/drive.google.com\/file\/d\/1v-Al-h7JsO_GjVKhf7w8wGfh_ZPUz56Z\/view?usp=share_link\" target=\"_blank\" rel=\"noreferrer noopener\">Op\u0107i akt &#8211; pravilnik o za\u0161titi od po\u017eara<\/a><\/li>\n\n\n\n<li><a href=\"https:\/\/drive.google.com\/file\/d\/1ynn_JY9N8ppDx0c_SbJ63YhT-jf0Ck3V\/view?usp=share_link\" data-type=\"URL\" data-id=\"https:\/\/drive.google.com\/file\/d\/1ynn_JY9N8ppDx0c_SbJ63YhT-jf0Ck3V\/view?usp=share_link\" target=\"_blank\" rel=\"noreferrer noopener\">Op\u0161ti akt &#8211; Zahtjevi u pogledu zdravstvenih psihofizi\u010dkih sposobnosti zapsolenika<\/a><\/li>\n\n\n\n<li><a href=\"https:\/\/drive.google.com\/file\/d\/1VZ0ITf1NWTdmETKrC_xNgBi-aif2s99F\/view?usp=share_link\" data-type=\"URL\" data-id=\"https:\/\/drive.google.com\/file\/d\/1VZ0ITf1NWTdmETKrC_xNgBi-aif2s99F\/view?usp=share_link\" target=\"_blank\" rel=\"noreferrer noopener\">Plan i program mjera za\u0161tite na radu<\/a><\/li>\n\n\n\n<li><a href=\"https:\/\/drive.google.com\/file\/d\/13m8r0snWbQ7ZdQMPk-ztKTgyyjSDGTzP\/view?usp=sharing\" data-type=\"URL\" data-id=\"https:\/\/drive.google.com\/file\/d\/13m8r0snWbQ7ZdQMPk-ztKTgyyjSDGTzP\/view?usp=sharing\" target=\"_blank\" rel=\"noreferrer noopener\">Plan i program mjera za\u0161tite od po\u017eara<\/a><\/li>\n\n\n\n<li><a href=\"https:\/\/drive.google.com\/file\/d\/112S9HAK9ZsyJQomdrCEtSSeXkwgbYffn\/view?usp=share_link\" data-type=\"URL\" data-id=\"https:\/\/drive.google.com\/file\/d\/112S9HAK9ZsyJQomdrCEtSSeXkwgbYffn\/view?usp=share_link\" target=\"_blank\" rel=\"noreferrer noopener\">Pravilnik o li\u010dnoj i za\u0161titnoj opremi<\/a><\/li>\n\n\n\n<li><a href=\"https:\/\/drive.google.com\/file\/d\/1SwJ4dyrgjKqeJMFVZbP0ABqeUJWSap_2\/view?usp=share_link\" data-type=\"URL\" data-id=\"https:\/\/drive.google.com\/file\/d\/1SwJ4dyrgjKqeJMFVZbP0ABqeUJWSap_2\/view?usp=share_link\" target=\"_blank\" rel=\"noreferrer noopener\">Pravilnik o vo\u0111enju evidencije, \u010duvanju isprava i sadr\u017eaja godi\u0161njih izvje\u0161taja<\/a><\/li>\n\n\n\n<li><a href=\"https:\/\/drive.google.com\/file\/d\/1eYEEDErDfgekP_xkdt1Jxqp6W7q2twoS\/view?usp=share_link\" data-type=\"URL\" data-id=\"https:\/\/drive.google.com\/file\/d\/1eYEEDErDfgekP_xkdt1Jxqp6W7q2twoS\/view?usp=share_link\" target=\"_blank\" rel=\"noreferrer noopener\">Pravilnik o za\u0161titi na radu<\/a><\/li>\n\n\n\n<li><a href=\"https:\/\/drive.google.com\/file\/d\/1wTY72FBIswsM26krcY6IBS8Q7yhBziOF\/view?usp=share_link\" data-type=\"URL\" data-id=\"https:\/\/drive.google.com\/file\/d\/1wTY72FBIswsM26krcY6IBS8Q7yhBziOF\/view?usp=share_link\" target=\"_blank\" rel=\"noreferrer noopener\">Program obuke radnika iz oblasti za\u0161tite na radu<\/a><\/li>\n\n\n\n<li><a rel=\"noreferrer noopener\" href=\"https:\/\/drive.google.com\/file\/d\/1cnMaVGwDitoy-kwmXfJmSFgFKKjN4PHI\/view?usp=share_link\" data-type=\"URL\" data-id=\"https:\/\/drive.google.com\/file\/d\/1cnMaVGwDitoy-kwmXfJmSFgFKKjN4PHI\/view?usp=share_link\" target=\"_blank\">Program obuke radnika iz oblasti za\u0161tite od po\u017eara<\/a><\/li>\n\n\n\n<li><a href=\"https:\/\/drive.google.com\/file\/d\/1Wh2LeZGhcaZMDYs9r8adtT7ugnTDz0iX\/view?usp=sharing\" data-type=\"URL\" data-id=\"https:\/\/drive.google.com\/file\/d\/1Wh2LeZGhcaZMDYs9r8adtT7ugnTDz0iX\/view?usp=sharing\" target=\"_blank\" rel=\"noreferrer noopener\">Plan evakuacije u\u010denika i zaposlenika sa aspekta za\u0161tite od po\u017eara<\/a><\/li>\n<\/ul>\n","protected":false},"excerpt":{"rendered":"","protected":false},"author":1,"featured_media":0,"parent":0,"menu_order":0,"comment_status":"closed","ping_status":"closed","template":"","meta":{"footnotes":""},"class_list":["post-660","page","type-page","status-publish","hentry"],"_links":{"self":[{"href":"http:\/\/mspvps.edu.ba\/index.php\/wp-json\/wp\/v2\/pages\/660","targetHints":{"allow":["GET"]}}],"collection":[{"href":"http:\/\/mspvps.edu.ba\/index.php\/wp-json\/wp\/v2\/pages"}],"about":[{"href":"http:\/\/mspvps.edu.ba\/index.php\/wp-json\/wp\/v2\/types\/page"}],"author":[{"embeddable":true,"href":"http:\/\/mspvps.edu.ba\/index.php\/wp-json\/wp\/v2\/users\/1"}],"replies":[{"embeddable":true,"href":"http:\/\/mspvps.edu.ba\/index.php\/wp-json\/wp\/v2\/comments?post=660"}],"version-history":[{"count":40,"href":"http:\/\/mspvps.edu.ba\/index.php\/wp-json\/wp\/v2\/pages\/660\/revisions"}],"predecessor-version":[{"id":1558,"href":"http:\/\/mspvps.edu.ba\/index.php\/wp-json\/wp\/v2\/pages\/660\/revisions\/1558"}],"wp:attachment":[{"href":"http:\/\/mspvps.edu.ba\/index.php\/wp-json\/wp\/v2\/media?parent=660"}],"curies":[{"name":"wp","href":"https:\/\/api.w.org\/{rel}","templated":true}]}}